{"id":3981,"date":"2022-08-24T08:04:39","date_gmt":"2022-08-24T06:04:39","guid":{"rendered":"http:\/\/rhsbydleni.webuse.cz\/?page_id=3981"},"modified":"2022-10-26T13:26:10","modified_gmt":"2022-10-26T11:26:10","slug":"developerske-financovani","status":"publish","type":"page","link":"https:\/\/novy.rhsbydleni.cz\/subdom\/novy\/developerske-financovani\/","title":{"rendered":"Pro developery"},"content":{"rendered":"<p>[vc_row][vc_column]<div class=\"mkdf-elements-holder   mkdf-one-column  mkdf-responsive-mode-768 \" ><div class=\"mkdf-eh-item    \"  data-item-class=\"mkdf-eh-custom-8533\">\n\t<div class=\"mkdf-eh-item-inner\">\n\t\t<div class=\"mkdf-eh-item-content mkdf-eh-custom-8533\" style=\"padding: 0 40px\">\n\t\t\t<div class=\"mkdf-fss-item  mkdf-fss-custom-490723    \" data-item-class=\"mkdf-fss-custom-490723\" style=\"background-image: url(https:\/\/novy.rhsbydleni.cz\/subdom\/novy\/wp-content\/uploads\/2022\/06\/nikol-varb-cam02-1.jpg);background-size:cover\">\n\t<div class=\"mkdf-fss-item-inner\" style=\"padding: 80px 0px 80px 0px\">\n\t\t<div class=\"mkdf-section-title-holder  mkdf-st-standard mkdf-st-title-left mkdf-st-normal-space \" style=\"text-align: center\">\n\t<div class=\"mkdf-st-inner\">\n        \t\t\t\t\t<h1 class=\"mkdf-st-title\" style=\"color: #ffffff\">\n\t\t\t\tPRO DEVELOPERY\t\t\t<\/h1>\n\t\t        <div class=\"mkdf-svg-separator-holder mkdf-svg-separator-small\">\n    <div class=\"mkdf-svg-separator mkdf-svg-frames-class\" data-svg-frames=\"15\" data-svg-drawing=\"yes\" >\n        <svg version=\"1.1\" style=\"stroke: #ffffff\" id=\"layer_598\" xmlns=\"http:\/\/www.w3.org\/2000\/svg\" xmlns:xlink=\"http:\/\/www.w3.org\/1999\/xlink\" x=\"0px\" y=\"0px\"\n             width=\"65.167px\" height=\"11.917px\" viewBox=\"0 0 65.167 11.917\" enable-background=\"new 0 0 65.167 11.917\" xml:space=\"preserve\">\n            <path fill=\"none\" stroke=\"#010101\" stroke-width=\"1\" stroke-miterlimit=\"3\" d=\"M1.045,9.833 9.295,2.083 17.295,9.833\n            24.295,2.083 32.291,9.833 39.294,2.083 47.294,9.833 54.294,2.083 64.287,9.833 \"\/>\n        <\/svg>\n    <\/div>\n<\/div>\t\t\t<\/div>\n<\/div>\t<\/div>\n\t<\/div>\t\t<\/div>\n\t<\/div>\n<\/div><\/div>[\/vc_column][\/vc_row][vc_row el_class=&#8220;vlastni&#8220; css=&#8220;.vc_custom_1666783567296{padding-top: 80px !important;padding-bottom: 40px !important;}&#8220;][vc_column][vc_row_inner gap=&#8220;30&#8243; row_content_width=&#8220;grid&#8220;][vc_column_inner width=&#8220;1\/2&#8243;][vc_column_text]<\/p>\n<h3>Vlastn\u00edte nemovitost, kterou chcete zrekonstruovat nebo p\u0159estav\u011bt na byty nebo komer\u010dn\u00ed prostory a n\u00e1sledn\u011b ji rozprodat \u010di pronajmout?<\/h3>\n<h3>Uva\u017eujete o n\u00e1kupu vhodn\u00e9 nemovitosti pro \u00fa\u010dely developersk\u00e9ho projektu?<\/h3>\n<h3>M\u00e1te v ruce zaj\u00edmav\u00fd projekt na v\u00fdstavbu nebo p\u0159estavbu a sh\u00e1n\u00edte financov\u00e1n\u00ed?<\/h3>\n<p><strong>Zachov\u00e1v\u00e1me maxim\u00e1ln\u00ed ml\u010denlivost a d\u016fv\u011brnost informac\u00ed<\/strong>. Ve\u0161ker\u00e9 podklady a informace se stejn\u00fdmi z\u00e1rukami konzultujeme pouze s\u00a0na\u0161imi obchodn\u00edmi partnery, kte\u0159\u00ed zva\u017euj\u00ed projekt financovat.[\/vc_column_text][\/vc_column_inner][vc_column_inner width=&#8220;1\/2&#8243;][vc_column_text]<\/p>\n<h3>Zaji\u0161\u0165ujeme pro klienty kompletn\u00ed administraci developersk\u00e9ho projektu:<\/h3>\n<ul>\n<li>\u00davodn\u00ed anal\u00fdza z\u00e1m\u011bru<\/li>\n<li>Vyhled\u00e1n\u00ed nemovitosti<\/li>\n<li>Spolupr\u00e1ce p\u0159i tvorb\u011b projektov\u00e9 studie<\/li>\n<li>Zaji\u0161t\u011bn\u00ed financov\u00e1n\u00ed projektu (banka, spo\u0159iteln\u00ed dru\u017estvo, investor)<\/li>\n<li>Tvorba obchodn\u00ed dokumentace<\/li>\n<li>Zaji\u0161t\u011bn\u00ed prodeje jednotek, dom\u016f<\/li>\n<li>Pr\u00e1vn\u00ed podpora<\/li>\n<li>\u00da\u010detn\u00ed podpora<\/li>\n<li>Komunikace s\u00a0finan\u010dn\u00edm partnerem projektu<\/li>\n<li>Financov\u00e1n\u00ed koncov\u00fdch z\u00e1kazn\u00edk\u016f<\/li>\n<li>Vypo\u0159\u00e1d\u00e1n\u00ed a servis<\/li>\n<li>Udr\u017eitelnost projektu v\u00a0rozsahu A-Z<\/li>\n<\/ul>\n<p>[\/vc_column_text][\/vc_column_inner][\/vc_row_inner][\/vc_column][\/vc_row][vc_row el_class=&#8220;vlastni&#8220; css=&#8220;.vc_custom_1666783512698{padding-top: 0px !important;padding-bottom: 85px !important;}&#8220;][vc_column][vc_row_inner gap=&#8220;30&#8243; row_content_width=&#8220;grid&#8220;][vc_column_inner width=&#8220;1\/2&#8243;][vc_single_image image=&#8220;4580&#8243; img_size=&#8220;large&#8220;][\/vc_column_inner][vc_column_inner width=&#8220;1\/2&#8243;][vc_single_image image=&#8220;4581&#8243; img_size=&#8220;large&#8220;][\/vc_column_inner][\/vc_row_inner][\/vc_column][\/vc_row]<\/p>\n","protected":false},"excerpt":{"rendered":"<p>[vc_row][vc_column][\/vc_column][\/vc_row][vc_row el_class=&#8220;vlastni&#8220; css=&#8220;.vc_custom_1666783567296{padding-top: 80px !important;padding-bottom: 40px !important;}&#8220;][vc_column][vc_row_inner gap=&#8220;30&#8243; row_content_width=&#8220;grid&#8220;][vc_column_inner width=&#8220;1\/2&#8243;][vc_column_text] Vlastn\u00edte nemovitost, kterou chcete zrekonstruovat nebo p\u0159estav\u011bt na byty nebo komer\u010dn\u00ed prostory a n\u00e1sledn\u011b ji rozprodat \u010di pronajmout? Uva\u017eujete o n\u00e1kupu vhodn\u00e9 nemovitosti pro \u00fa\u010dely developersk\u00e9ho projektu? M\u00e1te v ruce [&hellip;]<\/p>\n","protected":false},"author":1,"featured_media":0,"parent":0,"menu_order":0,"comment_status":"closed","ping_status":"closed","template":"full-width.php","meta":{"inline_featured_image":false,"pgc_sgb_lightbox_settings":""},"acf":[],"yoast_head":"<!-- This site is optimized with the Yoast SEO plugin v20.0 - https:\/\/yoast.com\/wordpress\/plugins\/seo\/ -->\n<title>Pro developery | RHS Bydlen\u00ed<\/title>\n<meta name=\"robots\" content=\"index, follow, max-snippet:-1, max-image-preview:large, max-video-preview:-1\" \/>\n<link rel=\"canonical\" href=\"https:\/\/novy.rhsbydleni.cz\/subdom\/novy\/developerske-financovani\/\" \/>\n<meta property=\"og:locale\" content=\"cs_CZ\" \/>\n<meta property=\"og:type\" content=\"article\" \/>\n<meta property=\"og:title\" content=\"Pro developery | RHS Bydlen\u00ed\" \/>\n<meta property=\"og:description\" content=\"[vc_row][vc_column][\/vc_column][\/vc_row][vc_row el_class=&#8220;vlastni&#8220; css=&#8220;.vc_custom_1666783567296{padding-top: 80px !important;padding-bottom: 40px !important;}&#8220;][vc_column][vc_row_inner gap=&#8220;30&#8243; row_content_width=&#8220;grid&#8220;][vc_column_inner width=&#8220;1\/2&#8243;][vc_column_text] Vlastn\u00edte nemovitost, kterou chcete zrekonstruovat nebo p\u0159estav\u011bt na byty nebo komer\u010dn\u00ed prostory a n\u00e1sledn\u011b ji rozprodat \u010di pronajmout? Uva\u017eujete o n\u00e1kupu vhodn\u00e9 nemovitosti pro \u00fa\u010dely developersk\u00e9ho projektu? M\u00e1te v ruce [&hellip;]\" \/>\n<meta property=\"og:url\" content=\"https:\/\/novy.rhsbydleni.cz\/subdom\/novy\/developerske-financovani\/\" \/>\n<meta property=\"og:site_name\" content=\"RHS Bydlen\u00ed\" \/>\n<meta property=\"article:modified_time\" content=\"2022-10-26T11:26:10+00:00\" \/>\n<meta name=\"twitter:card\" content=\"summary_large_image\" \/>\n<meta name=\"twitter:label1\" content=\"Odhadovan\u00e1 doba \u010dten\u00ed\" \/>\n\t<meta name=\"twitter:data1\" content=\"1 minuta\" \/>\n<script type=\"application\/ld+json\" class=\"yoast-schema-graph\">{\"@context\":\"https:\/\/schema.org\",\"@graph\":[{\"@type\":\"WebPage\",\"@id\":\"https:\/\/novy.rhsbydleni.cz\/subdom\/novy\/developerske-financovani\/\",\"url\":\"https:\/\/novy.rhsbydleni.cz\/subdom\/novy\/developerske-financovani\/\",\"name\":\"Pro developery | RHS Bydlen\u00ed\",\"isPartOf\":{\"@id\":\"https:\/\/novy.rhsbydleni.cz\/subdom\/novy\/#website\"},\"datePublished\":\"2022-08-24T06:04:39+00:00\",\"dateModified\":\"2022-10-26T11:26:10+00:00\",\"breadcrumb\":{\"@id\":\"https:\/\/novy.rhsbydleni.cz\/subdom\/novy\/developerske-financovani\/#breadcrumb\"},\"inLanguage\":\"cs\",\"potentialAction\":[{\"@type\":\"ReadAction\",\"target\":[\"https:\/\/novy.rhsbydleni.cz\/subdom\/novy\/developerske-financovani\/\"]}]},{\"@type\":\"BreadcrumbList\",\"@id\":\"https:\/\/novy.rhsbydleni.cz\/subdom\/novy\/developerske-financovani\/#breadcrumb\",\"itemListElement\":[{\"@type\":\"ListItem\",\"position\":1,\"name\":\"Dom\u016f\",\"item\":\"https:\/\/novy.rhsbydleni.cz\/subdom\/novy\/\"},{\"@type\":\"ListItem\",\"position\":2,\"name\":\"Pro developery\"}]},{\"@type\":\"WebSite\",\"@id\":\"https:\/\/novy.rhsbydleni.cz\/subdom\/novy\/#website\",\"url\":\"https:\/\/novy.rhsbydleni.cz\/subdom\/novy\/\",\"name\":\"RHS Bydlen\u00ed\",\"description\":\"\",\"potentialAction\":[{\"@type\":\"SearchAction\",\"target\":{\"@type\":\"EntryPoint\",\"urlTemplate\":\"https:\/\/novy.rhsbydleni.cz\/subdom\/novy\/?s={search_term_string}\"},\"query-input\":\"required name=search_term_string\"}],\"inLanguage\":\"cs\"}]}<\/script>\n<!-- \/ Yoast SEO plugin. -->","yoast_head_json":{"title":"Pro developery | RHS Bydlen\u00ed","robots":{"index":"index","follow":"follow","max-snippet":"max-snippet:-1","max-image-preview":"max-image-preview:large","max-video-preview":"max-video-preview:-1"},"canonical":"https:\/\/novy.rhsbydleni.cz\/subdom\/novy\/developerske-financovani\/","og_locale":"cs_CZ","og_type":"article","og_title":"Pro developery | RHS Bydlen\u00ed","og_description":"[vc_row][vc_column][\/vc_column][\/vc_row][vc_row el_class=&#8220;vlastni&#8220; css=&#8220;.vc_custom_1666783567296{padding-top: 80px !important;padding-bottom: 40px !important;}&#8220;][vc_column][vc_row_inner gap=&#8220;30&#8243; row_content_width=&#8220;grid&#8220;][vc_column_inner width=&#8220;1\/2&#8243;][vc_column_text] Vlastn\u00edte nemovitost, kterou chcete zrekonstruovat nebo p\u0159estav\u011bt na byty nebo komer\u010dn\u00ed prostory a n\u00e1sledn\u011b ji rozprodat \u010di pronajmout? Uva\u017eujete o n\u00e1kupu vhodn\u00e9 nemovitosti pro \u00fa\u010dely developersk\u00e9ho projektu? M\u00e1te v ruce [&hellip;]","og_url":"https:\/\/novy.rhsbydleni.cz\/subdom\/novy\/developerske-financovani\/","og_site_name":"RHS Bydlen\u00ed","article_modified_time":"2022-10-26T11:26:10+00:00","twitter_card":"summary_large_image","twitter_misc":{"Odhadovan\u00e1 doba \u010dten\u00ed":"1 minuta"},"schema":{"@context":"https:\/\/schema.org","@graph":[{"@type":"WebPage","@id":"https:\/\/novy.rhsbydleni.cz\/subdom\/novy\/developerske-financovani\/","url":"https:\/\/novy.rhsbydleni.cz\/subdom\/novy\/developerske-financovani\/","name":"Pro developery | RHS Bydlen\u00ed","isPartOf":{"@id":"https:\/\/novy.rhsbydleni.cz\/subdom\/novy\/#website"},"datePublished":"2022-08-24T06:04:39+00:00","dateModified":"2022-10-26T11:26:10+00:00","breadcrumb":{"@id":"https:\/\/novy.rhsbydleni.cz\/subdom\/novy\/developerske-financovani\/#breadcrumb"},"inLanguage":"cs","potentialAction":[{"@type":"ReadAction","target":["https:\/\/novy.rhsbydleni.cz\/subdom\/novy\/developerske-financovani\/"]}]},{"@type":"BreadcrumbList","@id":"https:\/\/novy.rhsbydleni.cz\/subdom\/novy\/developerske-financovani\/#breadcrumb","itemListElement":[{"@type":"ListItem","position":1,"name":"Dom\u016f","item":"https:\/\/novy.rhsbydleni.cz\/subdom\/novy\/"},{"@type":"ListItem","position":2,"name":"Pro developery"}]},{"@type":"WebSite","@id":"https:\/\/novy.rhsbydleni.cz\/subdom\/novy\/#website","url":"https:\/\/novy.rhsbydleni.cz\/subdom\/novy\/","name":"RHS Bydlen\u00ed","description":"","potentialAction":[{"@type":"SearchAction","target":{"@type":"EntryPoint","urlTemplate":"https:\/\/novy.rhsbydleni.cz\/subdom\/novy\/?s={search_term_string}"},"query-input":"required name=search_term_string"}],"inLanguage":"cs"}]}},"_links":{"self":[{"href":"https:\/\/novy.rhsbydleni.cz\/subdom\/novy\/wp-json\/wp\/v2\/pages\/3981"}],"collection":[{"href":"https:\/\/novy.rhsbydleni.cz\/subdom\/novy\/wp-json\/wp\/v2\/pages"}],"about":[{"href":"https:\/\/novy.rhsbydleni.cz\/subdom\/novy\/wp-json\/wp\/v2\/types\/page"}],"author":[{"embeddable":true,"href":"https:\/\/novy.rhsbydleni.cz\/subdom\/novy\/wp-json\/wp\/v2\/users\/1"}],"replies":[{"embeddable":true,"href":"https:\/\/novy.rhsbydleni.cz\/subdom\/novy\/wp-json\/wp\/v2\/comments?post=3981"}],"version-history":[{"count":9,"href":"https:\/\/novy.rhsbydleni.cz\/subdom\/novy\/wp-json\/wp\/v2\/pages\/3981\/revisions"}],"predecessor-version":[{"id":4586,"href":"https:\/\/novy.rhsbydleni.cz\/subdom\/novy\/wp-json\/wp\/v2\/pages\/3981\/revisions\/4586"}],"wp:attachment":[{"href":"https:\/\/novy.rhsbydleni.cz\/subdom\/novy\/wp-json\/wp\/v2\/media?parent=3981"}],"curies":[{"name":"wp","href":"https:\/\/api.w.org\/{rel}","templated":true}]}}