{"id":3979,"date":"2022-08-24T08:04:14","date_gmt":"2022-08-24T06:04:14","guid":{"rendered":"http:\/\/rhsbydleni.webuse.cz\/?page_id=3979"},"modified":"2022-10-25T11:47:17","modified_gmt":"2022-10-25T09:47:17","slug":"financovani-drevostavby","status":"publish","type":"page","link":"https:\/\/novy.rhsbydleni.cz\/subdom\/novy\/financovani-drevostavby\/","title":{"rendered":"Financov\u00e1n\u00ed d\u0159evostavby"},"content":{"rendered":"<p>[vc_row][vc_column]<div class=\"mkdf-elements-holder   mkdf-one-column  mkdf-responsive-mode-768 \" ><div class=\"mkdf-eh-item    \"  data-item-class=\"mkdf-eh-custom-3867\">\n\t<div class=\"mkdf-eh-item-inner\">\n\t\t<div class=\"mkdf-eh-item-content mkdf-eh-custom-3867\" style=\"padding: 0 40px\">\n\t\t\t<div class=\"mkdf-fss-item  mkdf-fss-custom-997690    \" data-item-class=\"mkdf-fss-custom-997690\" style=\"background-image: url(https:\/\/novy.rhsbydleni.cz\/subdom\/novy\/wp-content\/uploads\/2022\/10\/financovan.jpg);background-size:cover\">\n\t<div class=\"mkdf-fss-item-inner\" style=\"padding: 80px 0px 80px 0px\">\n\t\t<div class=\"mkdf-section-title-holder  mkdf-st-standard mkdf-st-title-left mkdf-st-normal-space \" style=\"text-align: center\">\n\t<div class=\"mkdf-st-inner\">\n        \t\t\t\t\t<h1 class=\"mkdf-st-title\" style=\"color: #ffffff\">\n\t\t\t\tFinancov\u00e1n\u00ed na\u0161ich d\u0159evostaveb\t\t\t<\/h1>\n\t\t        <div class=\"mkdf-svg-separator-holder mkdf-svg-separator-small\">\n    <div class=\"mkdf-svg-separator mkdf-svg-frames-class\" data-svg-frames=\"15\" data-svg-drawing=\"yes\" >\n        <svg version=\"1.1\" style=\"stroke: #ffffff\" id=\"layer_894\" xmlns=\"http:\/\/www.w3.org\/2000\/svg\" xmlns:xlink=\"http:\/\/www.w3.org\/1999\/xlink\" x=\"0px\" y=\"0px\"\n             width=\"65.167px\" height=\"11.917px\" viewBox=\"0 0 65.167 11.917\" enable-background=\"new 0 0 65.167 11.917\" xml:space=\"preserve\">\n            <path fill=\"none\" stroke=\"#010101\" stroke-width=\"1\" stroke-miterlimit=\"3\" d=\"M1.045,9.833 9.295,2.083 17.295,9.833\n            24.295,2.083 32.291,9.833 39.294,2.083 47.294,9.833 54.294,2.083 64.287,9.833 \"\/>\n        <\/svg>\n    <\/div>\n<\/div>\t\t\t<\/div>\n<\/div>\t<\/div>\n\t<\/div>\t\t<\/div>\n\t<\/div>\n<\/div><\/div>[\/vc_column][\/vc_row][vc_row row_content_width=&#8220;grid&#8220; el_class=&#8220;vlastni sirsi&#8220;][vc_column][vc_row_inner css=&#8220;.vc_custom_1666690353561{padding-top: 85px !important;padding-bottom: 80px !important;}&#8220; el_class=&#8220;trisloupce&#8220;][vc_column_inner width=&#8220;1\/3&#8243;][vc_column_text]V okam\u017eiku objedn\u00e1n\u00ed vybran\u00e9 stavby spole\u010dn\u011b\u00a0uzav\u00edr\u00e1me smlouvu o smlouv\u011b budouc\u00ed, v\u010detn\u011b objedn\u00e1vky vypracov\u00e1n\u00ed projektu, kter\u00fd je sou\u010d\u00e1st\u00ed na\u0161ich slu\u017eeb. Uveden\u00e1 smlouva garantuje z\u00e1kazn\u00edkovi cenu domu a term\u00edn v\u00fdstavby. Klient v\u017edy hrad\u00ed v\u00a0prvotn\u00ed f\u00e1zi \u010d\u00e1stku 100.000 K\u010d, jako z\u00e1lohu na projektov\u00e9 pr\u00e1ce, a tato platba bude zapo\u010d\u00edt\u00e1na do celkov\u00e9 ceny domu, dle Smlouvy o smlouv\u011b budouc\u00ed.[\/vc_column_text][\/vc_column_inner][vc_column_inner width=&#8220;1\/3&#8243;][vc_column_text]Klient p\u0159edm\u011btnou v\u00fdstavu nej\u010dast\u011bji financuje hypote\u010dn\u00edm \u00fav\u011brem, ide\u00e1ln\u011b v\u00a0kombinaci s\u00a0vlastn\u00edmi zdroji. V\u00a0r\u00e1mci na\u0161ich komplexn\u00edch slu\u017eeb klient\u016fm poskytujeme profesion\u00e1ln\u00ed pomoc p\u0159i \u0159e\u0161en\u00ed financov\u00e1n\u00ed a na\u0161i hypote\u010dn\u00ed specialisti jsou p\u0159ipraveni vy\u0159e\u0161it ka\u017ed\u00fd, i ten neslo\u017eit\u011bj\u0161\u00ed obchodn\u00ed p\u0159\u00edpad.[\/vc_column_text][\/vc_column_inner][vc_column_inner width=&#8220;1\/3&#8243;][vc_column_text]Pro na\u0161e klienty m\u00e1me p\u0159ipraven\u00e9 speci\u00e1ln\u00ed podm\u00ednky financov\u00e1n\u00ed, kter\u00e9 mimo jin\u00e9 zahrnuj\u00ed:<\/p>\n<ul>\n<li>vy\u0159\u00edzen\u00ed hypote\u010dn\u00edho \u00fav\u011bru zdarma<\/li>\n<li>odhad nemovitost pro schv\u00e1len\u00ed hypote\u010dn\u00edho \u00fav\u011bru zdarma<\/li>\n<li>sleva z\u00a0\u00farokov\u00e9 sazby a\u017e 0.3% p\u0159i zohledn\u011bn\u00ed parametr\u016f n\u00edzkoenergetick\u00e9ho bydlen\u00ed<\/li>\n<li>vklad do katastru nemovitosti zdarma<\/li>\n<\/ul>\n<p>[\/vc_column_text][\/vc_column_inner][\/vc_row_inner][\/vc_column][\/vc_row][vc_row row_content_width=&#8220;grid&#8220; css=&#8220;.vc_custom_1666691230385{padding-top: 20px !important;padding-bottom: 80px !important;}&#8220;][vc_column][vc_column_text]<\/p>\n<h3>P\u0159i financov\u00e1n\u00ed je pot\u0159eba vz\u00edt v\u00a0potaz platebn\u00ed podm\u00ednky zhotovitele, kter\u00e9 jsou nej\u010dast\u011bji nastaveny takto:<\/h3>\n<ul>\n<li>\u010d\u00e1stku ve v\u00fd\u0161i 100.000 K\u010d (z\u00e1loha na projek\u010dn\u00ed pr\u00e1ce);<\/li>\n<li>\u010d\u00e1stku odpov\u00eddaj\u00edc\u00ed 25 % z\u00a0ceny d\u00edla se objednatel zavazuje uhradit do 10 dn\u016f od p\u0159ed\u00e1n\u00ed staveni\u0161t\u011b;<\/li>\n<li>\u010d\u00e1stku odpov\u00eddaj\u00edc\u00ed 15 % z\u00a0ceny d\u00edla se objednatel zavazuje uhradit do 10 dn\u016f od zhotoven\u00ed z\u00e1kladov\u00e9 desky;<\/li>\n<li>\u010d\u00e1stku odpov\u00eddaj\u00edc\u00ed 15 % z\u00a0ceny d\u00edla se objednatel zavazuje uhradit do 10 dn\u016f od mont\u00e1\u017ee konstrukce domu;<\/li>\n<li>\u010d\u00e1stku odpov\u00eddaj\u00edc\u00ed 15 % z\u00a0ceny d\u00edla se objednatel zavazuje uhradit do 10 dn\u016f od realizace st\u0159echy;<\/li>\n<li>\u010d\u00e1stku odpov\u00eddaj\u00edc\u00ed 15 % z\u00a0ceny d\u00edla se objednatel zavazuje uhradit do 10 dn\u016f od mont\u00e1\u017ee oken, dve\u0159\u00ed;<\/li>\n<li>\u010d\u00e1stku odpov\u00eddaj\u00edc\u00ed 10 % z\u00a0ceny d\u00edla se objednatel zavazuje uhradit do 10 dn\u016f od proveden\u00ed fas\u00e1dy domu a vnit\u0159n\u00edho z\u00e1klopu st\u011bn;<\/li>\n<li>kone\u010dnou fakturu na zb\u00fdvaj\u00edc\u00ed \u010d\u00e1st ceny d\u00edla se objednatel zavazuje uhradit do 10 dn\u016f po protokol\u00e1rn\u00edm p\u0159ed\u00e1n\u00ed a p\u0159evzet\u00ed d\u00edla.<\/li>\n<\/ul>\n<p>P\u0159i \u0159e\u0161en\u00ed financov\u00e1n\u00ed v\u00fdstavby zvolen\u00e9ho RD je pot\u0159eba v\u00a0ur\u010dit\u00fdch p\u0159\u00edpadech p\u0159izp\u016fsobit spl\u00e1tkov\u00fd kalend\u00e1\u0159 pot\u0159eb\u00e1m financuj\u00edc\u00ed banky a z\u00e1rove\u0148 zohlednit po\u017eadavky na pr\u016fb\u011b\u017en\u00e9 propl\u00e1cen\u00ed pot\u0159ebn\u00fdch z\u00e1loh uveden\u00fdch ve smlouv\u011b o smlouv\u011b budouc\u00ed. \u00dapravu spl\u00e1tkov\u00e9ho kalend\u00e1\u0159e v\u017edy \u0159e\u0161\u00edme v\u00a0n\u00e1vaznosti na \u0159e\u0161en\u00ed p\u0159edm\u011btn\u00e9ho financov\u00e1n\u00ed ve zvolen\u00e9 bance.[\/vc_column_text][\/vc_column][\/vc_row]<\/p>\n","protected":false},"excerpt":{"rendered":"<p>[vc_row][vc_column][\/vc_column][\/vc_row][vc_row row_content_width=&#8220;grid&#8220; el_class=&#8220;vlastni sirsi&#8220;][vc_column][vc_row_inner css=&#8220;.vc_custom_1666690353561{padding-top: 85px !important;padding-bottom: 80px !important;}&#8220; el_class=&#8220;trisloupce&#8220;][vc_column_inner width=&#8220;1\/3&#8243;][vc_column_text]V okam\u017eiku objedn\u00e1n\u00ed vybran\u00e9 stavby spole\u010dn\u011b\u00a0uzav\u00edr\u00e1me smlouvu o smlouv\u011b budouc\u00ed, v\u010detn\u011b objedn\u00e1vky vypracov\u00e1n\u00ed projektu, kter\u00fd je sou\u010d\u00e1st\u00ed na\u0161ich slu\u017eeb. Uveden\u00e1 smlouva garantuje z\u00e1kazn\u00edkovi cenu domu a term\u00edn v\u00fdstavby. Klient v\u017edy [&hellip;]<\/p>\n","protected":false},"author":1,"featured_media":0,"parent":0,"menu_order":0,"comment_status":"closed","ping_status":"closed","template":"full-width.php","meta":{"inline_featured_image":false,"pgc_sgb_lightbox_settings":""},"acf":[],"yoast_head":"<!-- This site is optimized with the Yoast SEO plugin v20.0 - https:\/\/yoast.com\/wordpress\/plugins\/seo\/ -->\n<title>Financov\u00e1n\u00ed d\u0159evostavby | RHS Bydlen\u00ed<\/title>\n<meta name=\"robots\" content=\"index, follow, max-snippet:-1, max-image-preview:large, max-video-preview:-1\" \/>\n<link rel=\"canonical\" href=\"https:\/\/novy.rhsbydleni.cz\/subdom\/novy\/financovani-drevostavby\/\" \/>\n<meta property=\"og:locale\" content=\"cs_CZ\" \/>\n<meta property=\"og:type\" content=\"article\" \/>\n<meta property=\"og:title\" content=\"Financov\u00e1n\u00ed d\u0159evostavby | RHS Bydlen\u00ed\" \/>\n<meta property=\"og:description\" content=\"[vc_row][vc_column][\/vc_column][\/vc_row][vc_row row_content_width=&#8220;grid&#8220; el_class=&#8220;vlastni sirsi&#8220;][vc_column][vc_row_inner css=&#8220;.vc_custom_1666690353561{padding-top: 85px !important;padding-bottom: 80px !important;}&#8220; el_class=&#8220;trisloupce&#8220;][vc_column_inner width=&#8220;1\/3&#8243;][vc_column_text]V okam\u017eiku objedn\u00e1n\u00ed vybran\u00e9 stavby spole\u010dn\u011b\u00a0uzav\u00edr\u00e1me smlouvu o smlouv\u011b budouc\u00ed, v\u010detn\u011b objedn\u00e1vky vypracov\u00e1n\u00ed projektu, kter\u00fd je sou\u010d\u00e1st\u00ed na\u0161ich slu\u017eeb. Uveden\u00e1 smlouva garantuje z\u00e1kazn\u00edkovi cenu domu a term\u00edn v\u00fdstavby. Klient v\u017edy [&hellip;]\" \/>\n<meta property=\"og:url\" content=\"https:\/\/novy.rhsbydleni.cz\/subdom\/novy\/financovani-drevostavby\/\" \/>\n<meta property=\"og:site_name\" content=\"RHS Bydlen\u00ed\" \/>\n<meta property=\"article:modified_time\" content=\"2022-10-25T09:47:17+00:00\" \/>\n<meta name=\"twitter:card\" content=\"summary_large_image\" \/>\n<meta name=\"twitter:label1\" content=\"Odhadovan\u00e1 doba \u010dten\u00ed\" \/>\n\t<meta name=\"twitter:data1\" content=\"3 minuty\" \/>\n<script type=\"application\/ld+json\" class=\"yoast-schema-graph\">{\"@context\":\"https:\/\/schema.org\",\"@graph\":[{\"@type\":\"WebPage\",\"@id\":\"https:\/\/novy.rhsbydleni.cz\/subdom\/novy\/financovani-drevostavby\/\",\"url\":\"https:\/\/novy.rhsbydleni.cz\/subdom\/novy\/financovani-drevostavby\/\",\"name\":\"Financov\u00e1n\u00ed d\u0159evostavby | RHS Bydlen\u00ed\",\"isPartOf\":{\"@id\":\"https:\/\/novy.rhsbydleni.cz\/subdom\/novy\/#website\"},\"datePublished\":\"2022-08-24T06:04:14+00:00\",\"dateModified\":\"2022-10-25T09:47:17+00:00\",\"breadcrumb\":{\"@id\":\"https:\/\/novy.rhsbydleni.cz\/subdom\/novy\/financovani-drevostavby\/#breadcrumb\"},\"inLanguage\":\"cs\",\"potentialAction\":[{\"@type\":\"ReadAction\",\"target\":[\"https:\/\/novy.rhsbydleni.cz\/subdom\/novy\/financovani-drevostavby\/\"]}]},{\"@type\":\"BreadcrumbList\",\"@id\":\"https:\/\/novy.rhsbydleni.cz\/subdom\/novy\/financovani-drevostavby\/#breadcrumb\",\"itemListElement\":[{\"@type\":\"ListItem\",\"position\":1,\"name\":\"Dom\u016f\",\"item\":\"https:\/\/novy.rhsbydleni.cz\/subdom\/novy\/\"},{\"@type\":\"ListItem\",\"position\":2,\"name\":\"Financov\u00e1n\u00ed d\u0159evostavby\"}]},{\"@type\":\"WebSite\",\"@id\":\"https:\/\/novy.rhsbydleni.cz\/subdom\/novy\/#website\",\"url\":\"https:\/\/novy.rhsbydleni.cz\/subdom\/novy\/\",\"name\":\"RHS Bydlen\u00ed\",\"description\":\"\",\"potentialAction\":[{\"@type\":\"SearchAction\",\"target\":{\"@type\":\"EntryPoint\",\"urlTemplate\":\"https:\/\/novy.rhsbydleni.cz\/subdom\/novy\/?s={search_term_string}\"},\"query-input\":\"required name=search_term_string\"}],\"inLanguage\":\"cs\"}]}<\/script>\n<!-- \/ Yoast SEO plugin. -->","yoast_head_json":{"title":"Financov\u00e1n\u00ed d\u0159evostavby | RHS Bydlen\u00ed","robots":{"index":"index","follow":"follow","max-snippet":"max-snippet:-1","max-image-preview":"max-image-preview:large","max-video-preview":"max-video-preview:-1"},"canonical":"https:\/\/novy.rhsbydleni.cz\/subdom\/novy\/financovani-drevostavby\/","og_locale":"cs_CZ","og_type":"article","og_title":"Financov\u00e1n\u00ed d\u0159evostavby | RHS Bydlen\u00ed","og_description":"[vc_row][vc_column][\/vc_column][\/vc_row][vc_row row_content_width=&#8220;grid&#8220; el_class=&#8220;vlastni sirsi&#8220;][vc_column][vc_row_inner css=&#8220;.vc_custom_1666690353561{padding-top: 85px !important;padding-bottom: 80px !important;}&#8220; el_class=&#8220;trisloupce&#8220;][vc_column_inner width=&#8220;1\/3&#8243;][vc_column_text]V okam\u017eiku objedn\u00e1n\u00ed vybran\u00e9 stavby spole\u010dn\u011b\u00a0uzav\u00edr\u00e1me smlouvu o smlouv\u011b budouc\u00ed, v\u010detn\u011b objedn\u00e1vky vypracov\u00e1n\u00ed projektu, kter\u00fd je sou\u010d\u00e1st\u00ed na\u0161ich slu\u017eeb. Uveden\u00e1 smlouva garantuje z\u00e1kazn\u00edkovi cenu domu a term\u00edn v\u00fdstavby. Klient v\u017edy [&hellip;]","og_url":"https:\/\/novy.rhsbydleni.cz\/subdom\/novy\/financovani-drevostavby\/","og_site_name":"RHS Bydlen\u00ed","article_modified_time":"2022-10-25T09:47:17+00:00","twitter_card":"summary_large_image","twitter_misc":{"Odhadovan\u00e1 doba \u010dten\u00ed":"3 minuty"},"schema":{"@context":"https:\/\/schema.org","@graph":[{"@type":"WebPage","@id":"https:\/\/novy.rhsbydleni.cz\/subdom\/novy\/financovani-drevostavby\/","url":"https:\/\/novy.rhsbydleni.cz\/subdom\/novy\/financovani-drevostavby\/","name":"Financov\u00e1n\u00ed d\u0159evostavby | RHS Bydlen\u00ed","isPartOf":{"@id":"https:\/\/novy.rhsbydleni.cz\/subdom\/novy\/#website"},"datePublished":"2022-08-24T06:04:14+00:00","dateModified":"2022-10-25T09:47:17+00:00","breadcrumb":{"@id":"https:\/\/novy.rhsbydleni.cz\/subdom\/novy\/financovani-drevostavby\/#breadcrumb"},"inLanguage":"cs","potentialAction":[{"@type":"ReadAction","target":["https:\/\/novy.rhsbydleni.cz\/subdom\/novy\/financovani-drevostavby\/"]}]},{"@type":"BreadcrumbList","@id":"https:\/\/novy.rhsbydleni.cz\/subdom\/novy\/financovani-drevostavby\/#breadcrumb","itemListElement":[{"@type":"ListItem","position":1,"name":"Dom\u016f","item":"https:\/\/novy.rhsbydleni.cz\/subdom\/novy\/"},{"@type":"ListItem","position":2,"name":"Financov\u00e1n\u00ed d\u0159evostavby"}]},{"@type":"WebSite","@id":"https:\/\/novy.rhsbydleni.cz\/subdom\/novy\/#website","url":"https:\/\/novy.rhsbydleni.cz\/subdom\/novy\/","name":"RHS Bydlen\u00ed","description":"","potentialAction":[{"@type":"SearchAction","target":{"@type":"EntryPoint","urlTemplate":"https:\/\/novy.rhsbydleni.cz\/subdom\/novy\/?s={search_term_string}"},"query-input":"required name=search_term_string"}],"inLanguage":"cs"}]}},"_links":{"self":[{"href":"https:\/\/novy.rhsbydleni.cz\/subdom\/novy\/wp-json\/wp\/v2\/pages\/3979"}],"collection":[{"href":"https:\/\/novy.rhsbydleni.cz\/subdom\/novy\/wp-json\/wp\/v2\/pages"}],"about":[{"href":"https:\/\/novy.rhsbydleni.cz\/subdom\/novy\/wp-json\/wp\/v2\/types\/page"}],"author":[{"embeddable":true,"href":"https:\/\/novy.rhsbydleni.cz\/subdom\/novy\/wp-json\/wp\/v2\/users\/1"}],"replies":[{"embeddable":true,"href":"https:\/\/novy.rhsbydleni.cz\/subdom\/novy\/wp-json\/wp\/v2\/comments?post=3979"}],"version-history":[{"count":17,"href":"https:\/\/novy.rhsbydleni.cz\/subdom\/novy\/wp-json\/wp\/v2\/pages\/3979\/revisions"}],"predecessor-version":[{"id":4576,"href":"https:\/\/novy.rhsbydleni.cz\/subdom\/novy\/wp-json\/wp\/v2\/pages\/3979\/revisions\/4576"}],"wp:attachment":[{"href":"https:\/\/novy.rhsbydleni.cz\/subdom\/novy\/wp-json\/wp\/v2\/media?parent=3979"}],"curies":[{"name":"wp","href":"https:\/\/api.w.org\/{rel}","templated":true}]}}