{"id":3806,"date":"2022-06-13T15:05:55","date_gmt":"2022-06-13T13:05:55","guid":{"rendered":"http:\/\/rhsbydleni.webuse.cz\/?page_id=3806"},"modified":"2022-10-04T10:43:32","modified_gmt":"2022-10-04T08:43:32","slug":"skladby-konstrukci-domu","status":"publish","type":"page","link":"https:\/\/novy.rhsbydleni.cz\/subdom\/novy\/skladby-konstrukci-domu\/","title":{"rendered":"Skladby konstrukc\u00ed domu"},"content":{"rendered":"<p>[vc_row][vc_column]<div class=\"mkdf-elements-holder   mkdf-one-column  mkdf-responsive-mode-768 \" ><div class=\"mkdf-eh-item    \"  data-item-class=\"mkdf-eh-custom-5139\">\n\t<div class=\"mkdf-eh-item-inner\">\n\t\t<div class=\"mkdf-eh-item-content mkdf-eh-custom-5139\" style=\"padding: 0 40px\">\n\t\t\t<div class=\"mkdf-fss-item  mkdf-fss-custom-239371 mkdf-fss-item-va-middle   \" data-item-class=\"mkdf-fss-custom-239371\" style=\"background-image: url(https:\/\/novy.rhsbydleni.cz\/subdom\/novy\/wp-content\/uploads\/2022\/06\/nikol-varb-cam02-1.jpg);background-size:cover\">\n\t<div class=\"mkdf-fss-item-inner\" style=\"padding: 80px 0px 80px 0px\">\n\t\t<div class=\"mkdf-section-title-holder  mkdf-st-standard mkdf-st-title-left mkdf-st-normal-space \" style=\"text-align: center\">\n\t<div class=\"mkdf-st-inner\">\n        \t\t\t\t\t<h1 class=\"mkdf-st-title\" style=\"color: #ffffff\">\n\t\t\t\tSKLADBY KONSTRUKC\u00cd DOMU\t\t\t<\/h1>\n\t\t        <div class=\"mkdf-svg-separator-holder mkdf-svg-separator-small\">\n    <div class=\"mkdf-svg-separator mkdf-svg-frames-class\" data-svg-frames=\"15\" data-svg-drawing=\"yes\" >\n        <svg version=\"1.1\" style=\"stroke: #ffffff\" id=\"layer_534\" xmlns=\"http:\/\/www.w3.org\/2000\/svg\" xmlns:xlink=\"http:\/\/www.w3.org\/1999\/xlink\" x=\"0px\" y=\"0px\"\n             width=\"65.167px\" height=\"11.917px\" viewBox=\"0 0 65.167 11.917\" enable-background=\"new 0 0 65.167 11.917\" xml:space=\"preserve\">\n            <path fill=\"none\" stroke=\"#010101\" stroke-width=\"1\" stroke-miterlimit=\"3\" d=\"M1.045,9.833 9.295,2.083 17.295,9.833\n            24.295,2.083 32.291,9.833 39.294,2.083 47.294,9.833 54.294,2.083 64.287,9.833 \"\/>\n        <\/svg>\n    <\/div>\n<\/div>\t\t\t<\/div>\n<\/div>\t<\/div>\n\t<\/div>\t\t<\/div>\n\t<\/div>\n<\/div><\/div>[\/vc_column][\/vc_row][vc_row row_content_width=&#8220;grid&#8220; el_class=&#8220;vlastni&#8220; css=&#8220;.vc_custom_1655127801384{padding-top: 85px !important;padding-bottom: 80px !important;}&#8220;][vc_column]<div class=\"mkdf-section-title-holder  mkdf-st-standard mkdf-st-title-left mkdf-st-normal-space \" style=\"text-align: left\">\n\t<div class=\"mkdf-st-inner\">\n        \t\t\t\t\t<h2 class=\"mkdf-st-title\" >\n\t\t\t\t\u0158EZ DOMU\t\t\t<\/h2>\n\t\t        <div class=\"mkdf-svg-separator-holder mkdf-svg-separator-small\">\n    <div class=\"mkdf-svg-separator mkdf-svg-frames-class\" data-svg-frames=\"15\" data-svg-drawing=\"yes\" >\n        <svg version=\"1.1\"  id=\"layer_31\" xmlns=\"http:\/\/www.w3.org\/2000\/svg\" xmlns:xlink=\"http:\/\/www.w3.org\/1999\/xlink\" x=\"0px\" y=\"0px\"\n             width=\"65.167px\" height=\"11.917px\" viewBox=\"0 0 65.167 11.917\" enable-background=\"new 0 0 65.167 11.917\" xml:space=\"preserve\">\n            <path fill=\"none\" stroke=\"#010101\" stroke-width=\"1\" stroke-miterlimit=\"3\" d=\"M1.045,9.833 9.295,2.083 17.295,9.833\n            24.295,2.083 32.291,9.833 39.294,2.083 47.294,9.833 54.294,2.083 64.287,9.833 \"\/>\n        <\/svg>\n    <\/div>\n<\/div>\t\t\t<\/div>\n<\/div>[vc_empty_space height=&#8220;20px&#8220;]<div class=\"mkdf-single-image-holder   \">\n    <div class=\"mkdf-si-inner\" style=\"background-image: url(https:\/\/novy.rhsbydleni.cz\/subdom\/novy\/wp-content\/uploads\/2022\/10\/celkovy-nahled-2.jpg)\">\n                                    <img width=\"1280\" height=\"720\" src=\"https:\/\/novy.rhsbydleni.cz\/subdom\/novy\/wp-content\/uploads\/2022\/10\/celkovy-nahled-2.jpg\" class=\"attachment-full size-full\" alt=\"\" loading=\"lazy\" srcset=\"https:\/\/novy.rhsbydleni.cz\/subdom\/novy\/wp-content\/uploads\/2022\/10\/celkovy-nahled-2.jpg 1280w, https:\/\/novy.rhsbydleni.cz\/subdom\/novy\/wp-content\/uploads\/2022\/10\/celkovy-nahled-2-300x169.jpg 300w, https:\/\/novy.rhsbydleni.cz\/subdom\/novy\/wp-content\/uploads\/2022\/10\/celkovy-nahled-2-1024x576.jpg 1024w, https:\/\/novy.rhsbydleni.cz\/subdom\/novy\/wp-content\/uploads\/2022\/10\/celkovy-nahled-2-768x432.jpg 768w, https:\/\/novy.rhsbydleni.cz\/subdom\/novy\/wp-content\/uploads\/2022\/10\/celkovy-nahled-2-600x338.jpg 600w\" sizes=\"(max-width: 1280px) 100vw, 1280px\" \/>                        <\/div>\n<\/div>[\/vc_column][\/vc_row][vc_row row_content_width=&#8220;grid&#8220; el_class=&#8220;vlastni&#8220; css=&#8220;.vc_custom_1655127801384{padding-top: 85px !important;padding-bottom: 80px !important;}&#8220;][vc_column]<div class=\"mkdf-section-title-holder  mkdf-st-standard mkdf-st-title-left mkdf-st-normal-space \" style=\"text-align: left\">\n\t<div class=\"mkdf-st-inner\">\n        \t\t\t\t\t<h2 class=\"mkdf-st-title\" >\n\t\t\t\tZ\u00c1KLADY\t\t\t<\/h2>\n\t\t        <div class=\"mkdf-svg-separator-holder mkdf-svg-separator-small\">\n    <div class=\"mkdf-svg-separator mkdf-svg-frames-class\" data-svg-frames=\"15\" data-svg-drawing=\"yes\" >\n        <svg version=\"1.1\"  id=\"layer_458\" xmlns=\"http:\/\/www.w3.org\/2000\/svg\" xmlns:xlink=\"http:\/\/www.w3.org\/1999\/xlink\" x=\"0px\" y=\"0px\"\n             width=\"65.167px\" height=\"11.917px\" viewBox=\"0 0 65.167 11.917\" enable-background=\"new 0 0 65.167 11.917\" xml:space=\"preserve\">\n            <path fill=\"none\" stroke=\"#010101\" stroke-width=\"1\" stroke-miterlimit=\"3\" d=\"M1.045,9.833 9.295,2.083 17.295,9.833\n            24.295,2.083 32.291,9.833 39.294,2.083 47.294,9.833 54.294,2.083 64.287,9.833 \"\/>\n        <\/svg>\n    <\/div>\n<\/div>\t\t\t<\/div>\n<\/div>[vc_empty_space height=&#8220;20px&#8220;]<div class=\"mkdf-single-image-holder   \">\n    <div class=\"mkdf-si-inner\" style=\"background-image: url(https:\/\/novy.rhsbydleni.cz\/subdom\/novy\/wp-content\/uploads\/2022\/10\/skladba-zaklady-2.jpg)\">\n                                    <img width=\"1280\" height=\"762\" src=\"https:\/\/novy.rhsbydleni.cz\/subdom\/novy\/wp-content\/uploads\/2022\/10\/skladba-zaklady-2.jpg\" class=\"attachment-full size-full\" alt=\"\" loading=\"lazy\" srcset=\"https:\/\/novy.rhsbydleni.cz\/subdom\/novy\/wp-content\/uploads\/2022\/10\/skladba-zaklady-2.jpg 1280w, https:\/\/novy.rhsbydleni.cz\/subdom\/novy\/wp-content\/uploads\/2022\/10\/skladba-zaklady-2-300x179.jpg 300w, https:\/\/novy.rhsbydleni.cz\/subdom\/novy\/wp-content\/uploads\/2022\/10\/skladba-zaklady-2-1024x610.jpg 1024w, https:\/\/novy.rhsbydleni.cz\/subdom\/novy\/wp-content\/uploads\/2022\/10\/skladba-zaklady-2-768x457.jpg 768w, https:\/\/novy.rhsbydleni.cz\/subdom\/novy\/wp-content\/uploads\/2022\/10\/skladba-zaklady-2-600x357.jpg 600w\" sizes=\"(max-width: 1280px) 100vw, 1280px\" \/>                        <\/div>\n<\/div>[\/vc_column][\/vc_row][vc_row row_content_width=&#8220;grid&#8220; el_class=&#8220;vlastni&#8220; css=&#8220;.vc_custom_1655127801384{padding-top: 85px !important;padding-bottom: 80px !important;}&#8220;][vc_column]<div class=\"mkdf-section-title-holder  mkdf-st-standard mkdf-st-title-left mkdf-st-normal-space \" style=\"text-align: left\">\n\t<div class=\"mkdf-st-inner\">\n        \t\t\t\t\t<h2 class=\"mkdf-st-title\" >\n\t\t\t\tST\u011aNY\t\t\t<\/h2>\n\t\t        <div class=\"mkdf-svg-separator-holder mkdf-svg-separator-small\">\n    <div class=\"mkdf-svg-separator mkdf-svg-frames-class\" data-svg-frames=\"15\" data-svg-drawing=\"yes\" >\n        <svg version=\"1.1\"  id=\"layer_110\" xmlns=\"http:\/\/www.w3.org\/2000\/svg\" xmlns:xlink=\"http:\/\/www.w3.org\/1999\/xlink\" x=\"0px\" y=\"0px\"\n             width=\"65.167px\" height=\"11.917px\" viewBox=\"0 0 65.167 11.917\" enable-background=\"new 0 0 65.167 11.917\" xml:space=\"preserve\">\n            <path fill=\"none\" stroke=\"#010101\" stroke-width=\"1\" stroke-miterlimit=\"3\" d=\"M1.045,9.833 9.295,2.083 17.295,9.833\n            24.295,2.083 32.291,9.833 39.294,2.083 47.294,9.833 54.294,2.083 64.287,9.833 \"\/>\n        <\/svg>\n    <\/div>\n<\/div>\t\t\t<\/div>\n<\/div>[vc_empty_space height=&#8220;20px&#8220;]<div class=\"mkdf-single-image-holder   \">\n    <div class=\"mkdf-si-inner\" style=\"background-image: url(https:\/\/novy.rhsbydleni.cz\/subdom\/novy\/wp-content\/uploads\/2022\/10\/skladba-zaklady-2.jpg)\">\n                                    <img width=\"1280\" height=\"762\" src=\"https:\/\/novy.rhsbydleni.cz\/subdom\/novy\/wp-content\/uploads\/2022\/10\/skladba-zaklady-2.jpg\" class=\"attachment-full size-full\" alt=\"\" loading=\"lazy\" srcset=\"https:\/\/novy.rhsbydleni.cz\/subdom\/novy\/wp-content\/uploads\/2022\/10\/skladba-zaklady-2.jpg 1280w, https:\/\/novy.rhsbydleni.cz\/subdom\/novy\/wp-content\/uploads\/2022\/10\/skladba-zaklady-2-300x179.jpg 300w, https:\/\/novy.rhsbydleni.cz\/subdom\/novy\/wp-content\/uploads\/2022\/10\/skladba-zaklady-2-1024x610.jpg 1024w, https:\/\/novy.rhsbydleni.cz\/subdom\/novy\/wp-content\/uploads\/2022\/10\/skladba-zaklady-2-768x457.jpg 768w, https:\/\/novy.rhsbydleni.cz\/subdom\/novy\/wp-content\/uploads\/2022\/10\/skladba-zaklady-2-600x357.jpg 600w\" sizes=\"(max-width: 1280px) 100vw, 1280px\" \/>                        <\/div>\n<\/div>[\/vc_column][\/vc_row][vc_row row_content_width=&#8220;grid&#8220; el_class=&#8220;vlastni&#8220; css=&#8220;.vc_custom_1655127801384{padding-top: 85px !important;padding-bottom: 80px !important;}&#8220;][vc_column]<div class=\"mkdf-section-title-holder  mkdf-st-standard mkdf-st-title-left mkdf-st-normal-space \" style=\"text-align: left\">\n\t<div class=\"mkdf-st-inner\">\n        \t\t\t\t\t<h2 class=\"mkdf-st-title\" >\n\t\t\t\tST\u0158ECHA\t\t\t<\/h2>\n\t\t        <div class=\"mkdf-svg-separator-holder mkdf-svg-separator-small\">\n    <div class=\"mkdf-svg-separator mkdf-svg-frames-class\" data-svg-frames=\"15\" data-svg-drawing=\"yes\" >\n        <svg version=\"1.1\"  id=\"layer_846\" xmlns=\"http:\/\/www.w3.org\/2000\/svg\" xmlns:xlink=\"http:\/\/www.w3.org\/1999\/xlink\" x=\"0px\" y=\"0px\"\n             width=\"65.167px\" height=\"11.917px\" viewBox=\"0 0 65.167 11.917\" enable-background=\"new 0 0 65.167 11.917\" xml:space=\"preserve\">\n            <path fill=\"none\" stroke=\"#010101\" stroke-width=\"1\" stroke-miterlimit=\"3\" d=\"M1.045,9.833 9.295,2.083 17.295,9.833\n            24.295,2.083 32.291,9.833 39.294,2.083 47.294,9.833 54.294,2.083 64.287,9.833 \"\/>\n        <\/svg>\n    <\/div>\n<\/div>\t\t\t<\/div>\n<\/div>[vc_empty_space height=&#8220;20px&#8220;]<div class=\"mkdf-single-image-holder   \">\n    <div class=\"mkdf-si-inner\" style=\"background-image: url(https:\/\/novy.rhsbydleni.cz\/subdom\/novy\/wp-content\/uploads\/2022\/10\/skladba-strecha-2.jpg)\">\n                                    <img width=\"1280\" height=\"720\" src=\"https:\/\/novy.rhsbydleni.cz\/subdom\/novy\/wp-content\/uploads\/2022\/10\/skladba-strecha-2.jpg\" class=\"attachment-full size-full\" alt=\"\" loading=\"lazy\" srcset=\"https:\/\/novy.rhsbydleni.cz\/subdom\/novy\/wp-content\/uploads\/2022\/10\/skladba-strecha-2.jpg 1280w, https:\/\/novy.rhsbydleni.cz\/subdom\/novy\/wp-content\/uploads\/2022\/10\/skladba-strecha-2-300x169.jpg 300w, https:\/\/novy.rhsbydleni.cz\/subdom\/novy\/wp-content\/uploads\/2022\/10\/skladba-strecha-2-1024x576.jpg 1024w, https:\/\/novy.rhsbydleni.cz\/subdom\/novy\/wp-content\/uploads\/2022\/10\/skladba-strecha-2-768x432.jpg 768w, https:\/\/novy.rhsbydleni.cz\/subdom\/novy\/wp-content\/uploads\/2022\/10\/skladba-strecha-2-600x338.jpg 600w\" sizes=\"(max-width: 1280px) 100vw, 1280px\" \/>                        <\/div>\n<\/div>[\/vc_column][\/vc_row]<\/p>\n","protected":false},"excerpt":{"rendered":"<p>[vc_row][vc_column][\/vc_column][\/vc_row][vc_row row_content_width=&#8220;grid&#8220; el_class=&#8220;vlastni&#8220; css=&#8220;.vc_custom_1655127801384{padding-top: 85px !important;padding-bottom: 80px !important;}&#8220;][vc_column][vc_empty_space height=&#8220;20px&#8220;][\/vc_column][\/vc_row][vc_row row_content_width=&#8220;grid&#8220; el_class=&#8220;vlastni&#8220; css=&#8220;.vc_custom_1655127801384{padding-top: 85px !important;padding-bottom: 80px !important;}&#8220;][vc_column][vc_empty_space height=&#8220;20px&#8220;][\/vc_column][\/vc_row][vc_row row_content_width=&#8220;grid&#8220; el_class=&#8220;vlastni&#8220; css=&#8220;.vc_custom_1655127801384{padding-top: 85px !important;padding-bottom: 80px !important;}&#8220;][vc_column][vc_empty_space height=&#8220;20px&#8220;][\/vc_column][\/vc_row][vc_row row_content_width=&#8220;grid&#8220; el_class=&#8220;vlastni&#8220; css=&#8220;.vc_custom_1655127801384{padding-top: 85px !important;padding-bottom: 80px !important;}&#8220;][vc_column][vc_empty_space height=&#8220;20px&#8220;][\/vc_column][\/vc_row]<\/p>\n","protected":false},"author":1,"featured_media":0,"parent":0,"menu_order":0,"comment_status":"closed","ping_status":"closed","template":"full-width.php","meta":{"inline_featured_image":false,"pgc_sgb_lightbox_settings":""},"acf":[],"yoast_head":"<!-- This site is optimized with the Yoast SEO plugin v20.0 - https:\/\/yoast.com\/wordpress\/plugins\/seo\/ -->\n<title>Skladby konstrukc\u00ed domu | RHS Bydlen\u00ed<\/title>\n<meta name=\"robots\" content=\"index, follow, max-snippet:-1, max-image-preview:large, max-video-preview:-1\" \/>\n<link rel=\"canonical\" href=\"https:\/\/novy.rhsbydleni.cz\/subdom\/novy\/skladby-konstrukci-domu\/\" \/>\n<meta property=\"og:locale\" content=\"cs_CZ\" \/>\n<meta property=\"og:type\" content=\"article\" \/>\n<meta property=\"og:title\" content=\"Skladby konstrukc\u00ed domu | RHS Bydlen\u00ed\" \/>\n<meta property=\"og:description\" content=\"[vc_row][vc_column][\/vc_column][\/vc_row][vc_row row_content_width=&#8220;grid&#8220; el_class=&#8220;vlastni&#8220; css=&#8220;.vc_custom_1655127801384{padding-top: 85px !important;padding-bottom: 80px !important;}&#8220;][vc_column][vc_empty_space height=&#8220;20px&#8220;][\/vc_column][\/vc_row][vc_row row_content_width=&#8220;grid&#8220; el_class=&#8220;vlastni&#8220; css=&#8220;.vc_custom_1655127801384{padding-top: 85px !important;padding-bottom: 80px !important;}&#8220;][vc_column][vc_empty_space height=&#8220;20px&#8220;][\/vc_column][\/vc_row][vc_row row_content_width=&#8220;grid&#8220; el_class=&#8220;vlastni&#8220; css=&#8220;.vc_custom_1655127801384{padding-top: 85px !important;padding-bottom: 80px !important;}&#8220;][vc_column][vc_empty_space height=&#8220;20px&#8220;][\/vc_column][\/vc_row][vc_row row_content_width=&#8220;grid&#8220; el_class=&#8220;vlastni&#8220; css=&#8220;.vc_custom_1655127801384{padding-top: 85px !important;padding-bottom: 80px !important;}&#8220;][vc_column][vc_empty_space height=&#8220;20px&#8220;][\/vc_column][\/vc_row]\" \/>\n<meta property=\"og:url\" content=\"https:\/\/novy.rhsbydleni.cz\/subdom\/novy\/skladby-konstrukci-domu\/\" \/>\n<meta property=\"og:site_name\" content=\"RHS Bydlen\u00ed\" \/>\n<meta property=\"article:modified_time\" content=\"2022-10-04T08:43:32+00:00\" \/>\n<meta name=\"twitter:card\" content=\"summary_large_image\" \/>\n<meta name=\"twitter:label1\" content=\"Odhadovan\u00e1 doba \u010dten\u00ed\" \/>\n\t<meta name=\"twitter:data1\" content=\"1 minuta\" \/>\n<script type=\"application\/ld+json\" class=\"yoast-schema-graph\">{\"@context\":\"https:\/\/schema.org\",\"@graph\":[{\"@type\":\"WebPage\",\"@id\":\"https:\/\/novy.rhsbydleni.cz\/subdom\/novy\/skladby-konstrukci-domu\/\",\"url\":\"https:\/\/novy.rhsbydleni.cz\/subdom\/novy\/skladby-konstrukci-domu\/\",\"name\":\"Skladby konstrukc\u00ed domu | RHS Bydlen\u00ed\",\"isPartOf\":{\"@id\":\"https:\/\/novy.rhsbydleni.cz\/subdom\/novy\/#website\"},\"datePublished\":\"2022-06-13T13:05:55+00:00\",\"dateModified\":\"2022-10-04T08:43:32+00:00\",\"breadcrumb\":{\"@id\":\"https:\/\/novy.rhsbydleni.cz\/subdom\/novy\/skladby-konstrukci-domu\/#breadcrumb\"},\"inLanguage\":\"cs\",\"potentialAction\":[{\"@type\":\"ReadAction\",\"target\":[\"https:\/\/novy.rhsbydleni.cz\/subdom\/novy\/skladby-konstrukci-domu\/\"]}]},{\"@type\":\"BreadcrumbList\",\"@id\":\"https:\/\/novy.rhsbydleni.cz\/subdom\/novy\/skladby-konstrukci-domu\/#breadcrumb\",\"itemListElement\":[{\"@type\":\"ListItem\",\"position\":1,\"name\":\"Dom\u016f\",\"item\":\"https:\/\/novy.rhsbydleni.cz\/subdom\/novy\/\"},{\"@type\":\"ListItem\",\"position\":2,\"name\":\"Skladby konstrukc\u00ed domu\"}]},{\"@type\":\"WebSite\",\"@id\":\"https:\/\/novy.rhsbydleni.cz\/subdom\/novy\/#website\",\"url\":\"https:\/\/novy.rhsbydleni.cz\/subdom\/novy\/\",\"name\":\"RHS Bydlen\u00ed\",\"description\":\"\",\"potentialAction\":[{\"@type\":\"SearchAction\",\"target\":{\"@type\":\"EntryPoint\",\"urlTemplate\":\"https:\/\/novy.rhsbydleni.cz\/subdom\/novy\/?s={search_term_string}\"},\"query-input\":\"required name=search_term_string\"}],\"inLanguage\":\"cs\"}]}<\/script>\n<!-- \/ Yoast SEO plugin. -->","yoast_head_json":{"title":"Skladby konstrukc\u00ed domu | RHS Bydlen\u00ed","robots":{"index":"index","follow":"follow","max-snippet":"max-snippet:-1","max-image-preview":"max-image-preview:large","max-video-preview":"max-video-preview:-1"},"canonical":"https:\/\/novy.rhsbydleni.cz\/subdom\/novy\/skladby-konstrukci-domu\/","og_locale":"cs_CZ","og_type":"article","og_title":"Skladby konstrukc\u00ed domu | RHS Bydlen\u00ed","og_description":"[vc_row][vc_column][\/vc_column][\/vc_row][vc_row row_content_width=&#8220;grid&#8220; el_class=&#8220;vlastni&#8220; css=&#8220;.vc_custom_1655127801384{padding-top: 85px !important;padding-bottom: 80px !important;}&#8220;][vc_column][vc_empty_space height=&#8220;20px&#8220;][\/vc_column][\/vc_row][vc_row row_content_width=&#8220;grid&#8220; el_class=&#8220;vlastni&#8220; css=&#8220;.vc_custom_1655127801384{padding-top: 85px !important;padding-bottom: 80px !important;}&#8220;][vc_column][vc_empty_space height=&#8220;20px&#8220;][\/vc_column][\/vc_row][vc_row row_content_width=&#8220;grid&#8220; el_class=&#8220;vlastni&#8220; css=&#8220;.vc_custom_1655127801384{padding-top: 85px !important;padding-bottom: 80px !important;}&#8220;][vc_column][vc_empty_space height=&#8220;20px&#8220;][\/vc_column][\/vc_row][vc_row row_content_width=&#8220;grid&#8220; el_class=&#8220;vlastni&#8220; css=&#8220;.vc_custom_1655127801384{padding-top: 85px !important;padding-bottom: 80px !important;}&#8220;][vc_column][vc_empty_space height=&#8220;20px&#8220;][\/vc_column][\/vc_row]","og_url":"https:\/\/novy.rhsbydleni.cz\/subdom\/novy\/skladby-konstrukci-domu\/","og_site_name":"RHS Bydlen\u00ed","article_modified_time":"2022-10-04T08:43:32+00:00","twitter_card":"summary_large_image","twitter_misc":{"Odhadovan\u00e1 doba \u010dten\u00ed":"1 minuta"},"schema":{"@context":"https:\/\/schema.org","@graph":[{"@type":"WebPage","@id":"https:\/\/novy.rhsbydleni.cz\/subdom\/novy\/skladby-konstrukci-domu\/","url":"https:\/\/novy.rhsbydleni.cz\/subdom\/novy\/skladby-konstrukci-domu\/","name":"Skladby konstrukc\u00ed domu | RHS Bydlen\u00ed","isPartOf":{"@id":"https:\/\/novy.rhsbydleni.cz\/subdom\/novy\/#website"},"datePublished":"2022-06-13T13:05:55+00:00","dateModified":"2022-10-04T08:43:32+00:00","breadcrumb":{"@id":"https:\/\/novy.rhsbydleni.cz\/subdom\/novy\/skladby-konstrukci-domu\/#breadcrumb"},"inLanguage":"cs","potentialAction":[{"@type":"ReadAction","target":["https:\/\/novy.rhsbydleni.cz\/subdom\/novy\/skladby-konstrukci-domu\/"]}]},{"@type":"BreadcrumbList","@id":"https:\/\/novy.rhsbydleni.cz\/subdom\/novy\/skladby-konstrukci-domu\/#breadcrumb","itemListElement":[{"@type":"ListItem","position":1,"name":"Dom\u016f","item":"https:\/\/novy.rhsbydleni.cz\/subdom\/novy\/"},{"@type":"ListItem","position":2,"name":"Skladby konstrukc\u00ed domu"}]},{"@type":"WebSite","@id":"https:\/\/novy.rhsbydleni.cz\/subdom\/novy\/#website","url":"https:\/\/novy.rhsbydleni.cz\/subdom\/novy\/","name":"RHS Bydlen\u00ed","description":"","potentialAction":[{"@type":"SearchAction","target":{"@type":"EntryPoint","urlTemplate":"https:\/\/novy.rhsbydleni.cz\/subdom\/novy\/?s={search_term_string}"},"query-input":"required name=search_term_string"}],"inLanguage":"cs"}]}},"_links":{"self":[{"href":"https:\/\/novy.rhsbydleni.cz\/subdom\/novy\/wp-json\/wp\/v2\/pages\/3806"}],"collection":[{"href":"https:\/\/novy.rhsbydleni.cz\/subdom\/novy\/wp-json\/wp\/v2\/pages"}],"about":[{"href":"https:\/\/novy.rhsbydleni.cz\/subdom\/novy\/wp-json\/wp\/v2\/types\/page"}],"author":[{"embeddable":true,"href":"https:\/\/novy.rhsbydleni.cz\/subdom\/novy\/wp-json\/wp\/v2\/users\/1"}],"replies":[{"embeddable":true,"href":"https:\/\/novy.rhsbydleni.cz\/subdom\/novy\/wp-json\/wp\/v2\/comments?post=3806"}],"version-history":[{"count":13,"href":"https:\/\/novy.rhsbydleni.cz\/subdom\/novy\/wp-json\/wp\/v2\/pages\/3806\/revisions"}],"predecessor-version":[{"id":4558,"href":"https:\/\/novy.rhsbydleni.cz\/subdom\/novy\/wp-json\/wp\/v2\/pages\/3806\/revisions\/4558"}],"wp:attachment":[{"href":"https:\/\/novy.rhsbydleni.cz\/subdom\/novy\/wp-json\/wp\/v2\/media?parent=3806"}],"curies":[{"name":"wp","href":"https:\/\/api.w.org\/{rel}","templated":true}]}}