{"id":3051,"date":"2017-12-21T08:35:08","date_gmt":"2017-12-21T08:35:08","guid":{"rendered":"http:\/\/kastell.mikado-themes.com\/?page_id=3051"},"modified":"2022-10-28T10:18:27","modified_gmt":"2022-10-28T08:18:27","slug":"main-home","status":"publish","type":"page","link":"https:\/\/novy.rhsbydleni.cz\/subdom\/novy\/","title":{"rendered":"\u00davod"},"content":{"rendered":"<p>[vc_row][vc_column]<div class=\"mkdf-elements-holder   mkdf-one-column  mkdf-responsive-mode-768 \" ><div class=\"mkdf-eh-item    \"  data-item-class=\"mkdf-eh-custom-7730\" data-680=\"0 20px\">\n\t<div class=\"mkdf-eh-item-inner\">\n\t\t<div class=\"mkdf-eh-item-content mkdf-eh-custom-7730\" style=\"padding: 0 40px\">\n\t\t\t[rev_slider_vc alias=&#8220;main-home&#8220; enable_paspartu=&#8220;no&#8220;]\t\t<\/div>\n\t<\/div>\n<\/div><\/div>[\/vc_column][\/vc_row][vc_row row_content_width=&#8220;grid&#8220; css=&#8220;.vc_custom_1663061943060{padding-top: 50px !important;padding-bottom: 80px !important;}&#8220;][vc_column width=&#8220;1\/3&#8243;][vc_column_text]<\/p>\n<h3><a href=\"\/kategorie\/bungalovy\/\">Bungalovy     <span class=\"mkdf-icon-shortcode normal   mkdf-icon-tiny\"  >\n                    <span aria-hidden=\"true\" class=\"mkdf-icon-font-elegant arrow_carrot-2right mkdf-icon-element\" style=\"\" ><\/span>            <\/span>\n<\/a><\/h3>\n<p>[\/vc_column_text][vc_single_image image=&#8220;4002&#8243; img_size=&#8220;500&#215;300&#8243; onclick=&#8220;custom_link&#8220; link=&#8220;\/kategorie\/bungalovy\/&#8220;][\/vc_column][vc_column width=&#8220;1\/3&#8243;][vc_column_text]<\/p>\n<h3><a href=\"\/kategorie\/patrove-domy\/\">Patrov\u00e9 RD     <span class=\"mkdf-icon-shortcode normal   mkdf-icon-tiny\"  >\n                    <span aria-hidden=\"true\" class=\"mkdf-icon-font-elegant arrow_carrot-2right mkdf-icon-element\" style=\"\" ><\/span>            <\/span>\n<\/a><\/h3>\n<p>[\/vc_column_text][vc_single_image image=&#8220;4004&#8243; img_size=&#8220;500&#215;300&#8243; onclick=&#8220;custom_link&#8220; link=&#8220;\/kategorie\/patrove-domy\/&#8220;][\/vc_column][vc_column width=&#8220;1\/3&#8243;][vc_column_text]<\/p>\n<h3><a href=\"\/kategorie\/individualni-projekty\">Individu\u00e1ln\u00ed projekty     <span class=\"mkdf-icon-shortcode normal   mkdf-icon-tiny\"  >\n                    <span aria-hidden=\"true\" class=\"mkdf-icon-font-elegant arrow_carrot-2right mkdf-icon-element\" style=\"\" ><\/span>            <\/span>\n<\/a><\/h3>\n<p>[\/vc_column_text][vc_single_image image=&#8220;4003&#8243; img_size=&#8220;500&#215;300&#8243; onclick=&#8220;custom_link&#8220; link=&#8220;\/kategorie\/bungalovy\/&#8220;][\/vc_column][\/vc_row][vc_row css=&#8220;.vc_custom_1663061874482{padding-bottom: 40px !important;}&#8220;][vc_column][vc_column_text]<\/p>\n<h3 style=\"text-align: center;\">PRO\u010c SI VYBRAT RHS BYDLEN\u00cd<\/h3>\n<p>[\/vc_column_text][\/vc_column][\/vc_row][vc_row row_content_width=&#8220;grid&#8220; css=&#8220;.vc_custom_1663061951931{padding-bottom: 80px !important;}&#8220;][vc_column width=&#8220;1\/4&#8243;][vc_single_image image=&#8220;4056&#8243; img_size=&#8220;full&#8220; alignment=&#8220;center&#8220; el_class=&#8220;oranzovetlacitko&#8220;][vc_column_text]<\/p>\n<h5 style=\"text-align: center;\">REALIZACE INDIVIDU\u00c1LN\u00cdCH<br \/>\nN\u00c1VRH\u016e DOM\u016e<\/h5>\n<p>[\/vc_column_text][\/vc_column][vc_column width=&#8220;1\/4&#8243;][vc_single_image image=&#8220;4054&#8243; img_size=&#8220;full&#8220; alignment=&#8220;center&#8220; el_class=&#8220;oranzovetlacitko&#8220;][vc_column_text]<\/p>\n<h5 style=\"text-align: center;\">VYSOK\u00dd<br \/>\nSTANDARD DOMU<\/h5>\n<p>[\/vc_column_text][\/vc_column][vc_column width=&#8220;1\/4&#8243;][vc_single_image image=&#8220;4057&#8243; img_size=&#8220;full&#8220; alignment=&#8220;center&#8220; el_class=&#8220;oranzovetlacitko&#8220;][vc_column_text]<\/p>\n<h5 style=\"text-align: center;\">VELMI N\u00cdZK\u00c9<br \/>\nPROVOZN\u00cd N\u00c1KLADY<\/h5>\n<p>[\/vc_column_text][\/vc_column][vc_column width=&#8220;1\/4&#8243;][vc_single_image image=&#8220;4055&#8243; img_size=&#8220;full&#8220; alignment=&#8220;center&#8220; el_class=&#8220;oranzovetlacitko&#8220;][vc_column_text]<\/p>\n<h5 style=\"text-align: center;\">Z\u00c1RUKA 30 LET<br \/>\nNA KONSTRUKCI DOMU<\/h5>\n<p>[\/vc_column_text][\/vc_column][\/vc_row][vc_row row_content_width=&#8220;grid&#8220; css=&#8220;.vc_custom_1663062482053{padding-bottom: 80px !important;}&#8220;][vc_column][vc_column_text el_class=&#8220;blok-s-textem&#8220; css=&#8220;.vc_custom_1663063100687{padding-top: 50px !important;padding-right: 50px !important;padding-bottom: 50px !important;padding-left: 50px !important;background-color: #ffffff !important;}&#8220;]<\/p>\n<h3 style=\"text-align: center;\">D\u0158EVOSTAVBA NA KL\u00cd\u010c OD N\u00c1S ZAHRNUJE<\/h3>\n<ul class=\"seznam-v-lince\" style=\"text-align: center;\">\n<li>PROJEK\u010cN\u00cd \u010cINNOST<\/li>\n<li>STAVEBN\u00cd POVOLEN\u00cd<\/li>\n<li>ZAJI\u0160T\u011aN\u00cd FINANCOV\u00c1N\u00cd<\/li>\n<li>\u00daPRAVA DISPOZICE DOMU<\/li>\n<li>Z\u00c1KLADOV\u00c1 DESKA<\/li>\n<li>BLOWER DOOR TEST<\/li>\n<li>VYSOK\u00dd STANDARD DOMU<\/li>\n<\/ul>\n<p class=\"my-4\" style=\"text-align: center;\">Specializujeme se na\u00a0<strong>komplexn\u00ed slu\u017eby v oblasti d\u0159evostaveb \u2013 levn\u011b i na kl\u00ed\u010d<\/strong>\u00a0se s\u00eddlem v Olomouci, kde na v\u00e1s \u010dek\u00e1 t\u00fdm profesion\u00e1l\u016f. R\u00e1di v\u00e1m zodpov\u00edme ve\u0161ker\u00e9 dotazy a p\u0159edstav\u00edme reference spokojen\u00fdch z\u00e1kazn\u00edk\u016f nejen z Olomouce, ale i z cel\u00e9 \u010cesk\u00e9 republiky.<\/p>\n<p>[\/vc_column_text][\/vc_column][\/vc_row]<\/p>\n","protected":false},"excerpt":{"rendered":"<p>[vc_row][vc_column][\/vc_column][\/vc_row][vc_row row_content_width=&#8220;grid&#8220; css=&#8220;.vc_custom_1663061943060{padding-top: 50px !important;padding-bottom: 80px !important;}&#8220;][vc_column width=&#8220;1\/3&#8243;][vc_column_text] Bungalovy [\/vc_column_text][vc_single_image image=&#8220;4002&#8243; img_size=&#8220;500&#215;300&#8243; onclick=&#8220;custom_link&#8220; link=&#8220;\/kategorie\/bungalovy\/&#8220;][\/vc_column][vc_column width=&#8220;1\/3&#8243;][vc_column_text] Patrov\u00e9 RD [\/vc_column_text][vc_single_image image=&#8220;4004&#8243; img_size=&#8220;500&#215;300&#8243; onclick=&#8220;custom_link&#8220; link=&#8220;\/kategorie\/patrove-domy\/&#8220;][\/vc_column][vc_column width=&#8220;1\/3&#8243;][vc_column_text] Individu\u00e1ln\u00ed projekty [\/vc_column_text][vc_single_image image=&#8220;4003&#8243; img_size=&#8220;500&#215;300&#8243; onclick=&#8220;custom_link&#8220; link=&#8220;\/kategorie\/bungalovy\/&#8220;][\/vc_column][\/vc_row][vc_row css=&#8220;.vc_custom_1663061874482{padding-bottom: 40px !important;}&#8220;][vc_column][vc_column_text] PRO\u010c SI VYBRAT RHS BYDLEN\u00cd [\/vc_column_text][\/vc_column][\/vc_row][vc_row row_content_width=&#8220;grid&#8220; [&hellip;]<\/p>\n","protected":false},"author":1,"featured_media":0,"parent":0,"menu_order":0,"comment_status":"closed","ping_status":"closed","template":"full-width.php","meta":{"inline_featured_image":false,"pgc_sgb_lightbox_settings":""},"acf":[],"yoast_head":"<!-- This site is optimized with the Yoast SEO plugin v20.0 - https:\/\/yoast.com\/wordpress\/plugins\/seo\/ -->\n<title>D\u0159evostavby na kl\u00ed\u010d | RHS Bydlen\u00ed<\/title>\n<meta name=\"description\" content=\"Zrealizujeme pro v\u00e1s nov\u00e9 bydlen\u00ed \u2013 d\u0159evostavbu na kl\u00ed\u010d \u2013 d\u016fm, kter\u00fd je levn\u00fd, ale z\u00e1rove\u0148 kvalitn\u00ed, energeticky \u00fasporn\u00fd a s dlouhou \u017eivotnost\u00ed. V Olomouci v\u00e1s o\u010dek\u00e1v\u00e1 t\u00fdm profesion\u00e1l\u016f.\" \/>\n<meta name=\"robots\" content=\"index, follow, max-snippet:-1, max-image-preview:large, max-video-preview:-1\" \/>\n<link rel=\"canonical\" href=\"https:\/\/novy.rhsbydleni.cz\/subdom\/novy\/\" \/>\n<meta property=\"og:locale\" content=\"cs_CZ\" \/>\n<meta property=\"og:type\" content=\"article\" \/>\n<meta property=\"og:title\" content=\"D\u0159evostavby na kl\u00ed\u010d | RHS Bydlen\u00ed\" \/>\n<meta property=\"og:description\" content=\"Zrealizujeme pro v\u00e1s nov\u00e9 bydlen\u00ed \u2013 d\u0159evostavbu na kl\u00ed\u010d \u2013 d\u016fm, kter\u00fd je levn\u00fd, ale z\u00e1rove\u0148 kvalitn\u00ed, energeticky \u00fasporn\u00fd a s dlouhou \u017eivotnost\u00ed. V Olomouci v\u00e1s o\u010dek\u00e1v\u00e1 t\u00fdm profesion\u00e1l\u016f.\" \/>\n<meta property=\"og:url\" content=\"https:\/\/novy.rhsbydleni.cz\/subdom\/novy\/\" \/>\n<meta property=\"og:site_name\" content=\"RHS Bydlen\u00ed\" \/>\n<meta property=\"article:modified_time\" content=\"2022-10-28T08:18:27+00:00\" \/>\n<meta name=\"twitter:card\" content=\"summary_large_image\" \/>\n<meta name=\"twitter:label1\" content=\"Odhadovan\u00e1 doba \u010dten\u00ed\" \/>\n\t<meta name=\"twitter:data1\" content=\"2 minuty\" \/>\n<script type=\"application\/ld+json\" class=\"yoast-schema-graph\">{\"@context\":\"https:\/\/schema.org\",\"@graph\":[{\"@type\":\"WebPage\",\"@id\":\"https:\/\/novy.rhsbydleni.cz\/subdom\/novy\/\",\"url\":\"https:\/\/novy.rhsbydleni.cz\/subdom\/novy\/\",\"name\":\"D\u0159evostavby na kl\u00ed\u010d | RHS Bydlen\u00ed\",\"isPartOf\":{\"@id\":\"https:\/\/novy.rhsbydleni.cz\/subdom\/novy\/#website\"},\"datePublished\":\"2017-12-21T08:35:08+00:00\",\"dateModified\":\"2022-10-28T08:18:27+00:00\",\"description\":\"Zrealizujeme pro v\u00e1s nov\u00e9 bydlen\u00ed \u2013 d\u0159evostavbu na kl\u00ed\u010d \u2013 d\u016fm, kter\u00fd je levn\u00fd, ale z\u00e1rove\u0148 kvalitn\u00ed, energeticky \u00fasporn\u00fd a s dlouhou \u017eivotnost\u00ed. V Olomouci v\u00e1s o\u010dek\u00e1v\u00e1 t\u00fdm profesion\u00e1l\u016f.\",\"breadcrumb\":{\"@id\":\"https:\/\/novy.rhsbydleni.cz\/subdom\/novy\/#breadcrumb\"},\"inLanguage\":\"cs\",\"potentialAction\":[{\"@type\":\"ReadAction\",\"target\":[\"https:\/\/novy.rhsbydleni.cz\/subdom\/novy\/\"]}]},{\"@type\":\"BreadcrumbList\",\"@id\":\"https:\/\/novy.rhsbydleni.cz\/subdom\/novy\/#breadcrumb\",\"itemListElement\":[{\"@type\":\"ListItem\",\"position\":1,\"name\":\"Dom\u016f\",\"item\":\"https:\/\/novy.rhsbydleni.cz\/subdom\/novy\/\"},{\"@type\":\"ListItem\",\"position\":2,\"name\":\"\u00davod\"}]},{\"@type\":\"WebSite\",\"@id\":\"https:\/\/novy.rhsbydleni.cz\/subdom\/novy\/#website\",\"url\":\"https:\/\/novy.rhsbydleni.cz\/subdom\/novy\/\",\"name\":\"RHS Bydlen\u00ed\",\"description\":\"\",\"potentialAction\":[{\"@type\":\"SearchAction\",\"target\":{\"@type\":\"EntryPoint\",\"urlTemplate\":\"https:\/\/novy.rhsbydleni.cz\/subdom\/novy\/?s={search_term_string}\"},\"query-input\":\"required name=search_term_string\"}],\"inLanguage\":\"cs\"}]}<\/script>\n<!-- \/ Yoast SEO plugin. -->","yoast_head_json":{"title":"D\u0159evostavby na kl\u00ed\u010d | RHS Bydlen\u00ed","description":"Zrealizujeme pro v\u00e1s nov\u00e9 bydlen\u00ed \u2013 d\u0159evostavbu na kl\u00ed\u010d \u2013 d\u016fm, kter\u00fd je levn\u00fd, ale z\u00e1rove\u0148 kvalitn\u00ed, energeticky \u00fasporn\u00fd a s dlouhou \u017eivotnost\u00ed. V Olomouci v\u00e1s o\u010dek\u00e1v\u00e1 t\u00fdm profesion\u00e1l\u016f.","robots":{"index":"index","follow":"follow","max-snippet":"max-snippet:-1","max-image-preview":"max-image-preview:large","max-video-preview":"max-video-preview:-1"},"canonical":"https:\/\/novy.rhsbydleni.cz\/subdom\/novy\/","og_locale":"cs_CZ","og_type":"article","og_title":"D\u0159evostavby na kl\u00ed\u010d | RHS Bydlen\u00ed","og_description":"Zrealizujeme pro v\u00e1s nov\u00e9 bydlen\u00ed \u2013 d\u0159evostavbu na kl\u00ed\u010d \u2013 d\u016fm, kter\u00fd je levn\u00fd, ale z\u00e1rove\u0148 kvalitn\u00ed, energeticky \u00fasporn\u00fd a s dlouhou \u017eivotnost\u00ed. V Olomouci v\u00e1s o\u010dek\u00e1v\u00e1 t\u00fdm profesion\u00e1l\u016f.","og_url":"https:\/\/novy.rhsbydleni.cz\/subdom\/novy\/","og_site_name":"RHS Bydlen\u00ed","article_modified_time":"2022-10-28T08:18:27+00:00","twitter_card":"summary_large_image","twitter_misc":{"Odhadovan\u00e1 doba \u010dten\u00ed":"2 minuty"},"schema":{"@context":"https:\/\/schema.org","@graph":[{"@type":"WebPage","@id":"https:\/\/novy.rhsbydleni.cz\/subdom\/novy\/","url":"https:\/\/novy.rhsbydleni.cz\/subdom\/novy\/","name":"D\u0159evostavby na kl\u00ed\u010d | RHS Bydlen\u00ed","isPartOf":{"@id":"https:\/\/novy.rhsbydleni.cz\/subdom\/novy\/#website"},"datePublished":"2017-12-21T08:35:08+00:00","dateModified":"2022-10-28T08:18:27+00:00","description":"Zrealizujeme pro v\u00e1s nov\u00e9 bydlen\u00ed \u2013 d\u0159evostavbu na kl\u00ed\u010d \u2013 d\u016fm, kter\u00fd je levn\u00fd, ale z\u00e1rove\u0148 kvalitn\u00ed, energeticky \u00fasporn\u00fd a s dlouhou \u017eivotnost\u00ed. V Olomouci v\u00e1s o\u010dek\u00e1v\u00e1 t\u00fdm profesion\u00e1l\u016f.","breadcrumb":{"@id":"https:\/\/novy.rhsbydleni.cz\/subdom\/novy\/#breadcrumb"},"inLanguage":"cs","potentialAction":[{"@type":"ReadAction","target":["https:\/\/novy.rhsbydleni.cz\/subdom\/novy\/"]}]},{"@type":"BreadcrumbList","@id":"https:\/\/novy.rhsbydleni.cz\/subdom\/novy\/#breadcrumb","itemListElement":[{"@type":"ListItem","position":1,"name":"Dom\u016f","item":"https:\/\/novy.rhsbydleni.cz\/subdom\/novy\/"},{"@type":"ListItem","position":2,"name":"\u00davod"}]},{"@type":"WebSite","@id":"https:\/\/novy.rhsbydleni.cz\/subdom\/novy\/#website","url":"https:\/\/novy.rhsbydleni.cz\/subdom\/novy\/","name":"RHS Bydlen\u00ed","description":"","potentialAction":[{"@type":"SearchAction","target":{"@type":"EntryPoint","urlTemplate":"https:\/\/novy.rhsbydleni.cz\/subdom\/novy\/?s={search_term_string}"},"query-input":"required name=search_term_string"}],"inLanguage":"cs"}]}},"_links":{"self":[{"href":"https:\/\/novy.rhsbydleni.cz\/subdom\/novy\/wp-json\/wp\/v2\/pages\/3051"}],"collection":[{"href":"https:\/\/novy.rhsbydleni.cz\/subdom\/novy\/wp-json\/wp\/v2\/pages"}],"about":[{"href":"https:\/\/novy.rhsbydleni.cz\/subdom\/novy\/wp-json\/wp\/v2\/types\/page"}],"author":[{"embeddable":true,"href":"https:\/\/novy.rhsbydleni.cz\/subdom\/novy\/wp-json\/wp\/v2\/users\/1"}],"replies":[{"embeddable":true,"href":"https:\/\/novy.rhsbydleni.cz\/subdom\/novy\/wp-json\/wp\/v2\/comments?post=3051"}],"version-history":[{"count":50,"href":"https:\/\/novy.rhsbydleni.cz\/subdom\/novy\/wp-json\/wp\/v2\/pages\/3051\/revisions"}],"predecessor-version":[{"id":4070,"href":"https:\/\/novy.rhsbydleni.cz\/subdom\/novy\/wp-json\/wp\/v2\/pages\/3051\/revisions\/4070"}],"wp:attachment":[{"href":"https:\/\/novy.rhsbydleni.cz\/subdom\/novy\/wp-json\/wp\/v2\/media?parent=3051"}],"curies":[{"name":"wp","href":"https:\/\/api.w.org\/{rel}","templated":true}]}}