{"id":3,"date":"2022-05-26T15:44:21","date_gmt":"2022-05-26T13:44:21","guid":{"rendered":"http:\/\/rhsbydleni.webuse.cz\/?page_id=3"},"modified":"2022-06-14T15:23:10","modified_gmt":"2022-06-14T13:23:10","slug":"ochrana-osobnich-udaju","status":"publish","type":"page","link":"https:\/\/novy.rhsbydleni.cz\/subdom\/novy\/ochrana-osobnich-udaju\/","title":{"rendered":"Ochrana osobn\u00edch \u00fadaj\u016f"},"content":{"rendered":"\n<h2>Kdo jsme<\/h2>\n\n\n\n<p>Tento web provozuje spole\u010dnost RHS bydlen\u00ed s.r.o. se s\u00eddlem: Krapkova 280\/7, 779 00 Olomouc, I\u010c: 10771999.<\/p>\n\n\n\n<p>Na\u0161e webov\u00e1 adresa je: https:\/\/rhsbydleni.cz.<\/p>\n\n\n\n<p><\/p>\n\n\n\n<h2><\/h2>\n\n\n\n<h2>Cookies<\/h2>\n\n\n\n<p>Pou\u017e\u00edv\u00e1me Google Analytics pro anonymn\u00ed statistiku n\u00e1v\u0161t\u011bvnosti. Tato cookies m\u016f\u017eete kdykoliv zak\u00e1zat nebo povolit.<\/p>\n\n\n\n<h2>Kontaktn\u00ed formul\u00e1\u0159<\/h2>\n\n\n\n<p>Vyu\u017eit\u00ed kontaktn\u00edho formul\u00e1\u0159e vy\u017eaduje va\u0161e osobn\u00ed data, a to jm\u00e9no a telefon nebo e-mailovou adresu. Tato osobn\u00ed data vyu\u017eijeme pouze k tomu, abychom v\u00e1s mohli kontaktovat a nep\u0159ed\u00e1me je \u017e\u00e1dn\u00e9 t\u0159et\u00ed osob\u011b.<\/p>\n\n\n\n<p><\/p>\n\n\n\n<h2>Jak dlouho uchov\u00e1v\u00e1me va\u0161e \u00fadaje<\/h2>\n\n\n\n<p>Va\u0161e data budeme uchov\u00e1vat po dobu jednoho roku.<\/p>\n\n\n\n<h2>Jak\u00e1 m\u00e1te pr\u00e1va?<\/h2>\n\n\n\n<p>M\u016f\u017eete tak\u00e9 po\u017e\u00e1dat o odstran\u011bn\u00ed ve\u0161ker\u00fdch osobn\u00edch \u00fadaj\u016f, kter\u00e9 o v\u00e1s uchov\u00e1v\u00e1me. <\/p>\n\n\n\n<div style=\"height:100px\" aria-hidden=\"true\" class=\"wp-block-spacer\"><\/div>\n\n\n\n<p><\/p>\n\n\n\n<p><\/p>\n","protected":false},"excerpt":{"rendered":"<p>Kdo jsme Tento web provozuje spole\u010dnost RHS bydlen\u00ed s.r.o. se s\u00eddlem: Krapkova 280\/7, 779 00 Olomouc, I\u010c: 10771999. Na\u0161e webov\u00e1 adresa je: https:\/\/rhsbydleni.cz. Cookies Pou\u017e\u00edv\u00e1me Google Analytics pro anonymn\u00ed statistiku n\u00e1v\u0161t\u011bvnosti. Tato cookies m\u016f\u017eete kdykoliv zak\u00e1zat nebo povolit. Kontaktn\u00ed formul\u00e1\u0159 [&hellip;]<\/p>\n","protected":false},"author":1,"featured_media":0,"parent":0,"menu_order":0,"comment_status":"closed","ping_status":"open","template":"","meta":{"inline_featured_image":false,"pgc_sgb_lightbox_settings":""},"acf":[],"yoast_head":"<!-- This site is optimized with the Yoast SEO plugin v20.0 - https:\/\/yoast.com\/wordpress\/plugins\/seo\/ -->\n<title>Ochrana osobn\u00edch \u00fadaj\u016f | RHS Bydlen\u00ed<\/title>\n<meta name=\"robots\" content=\"index, follow, max-snippet:-1, max-image-preview:large, max-video-preview:-1\" \/>\n<link rel=\"canonical\" href=\"https:\/\/novy.rhsbydleni.cz\/subdom\/novy\/ochrana-osobnich-udaju\/\" \/>\n<meta property=\"og:locale\" content=\"cs_CZ\" \/>\n<meta property=\"og:type\" content=\"article\" \/>\n<meta property=\"og:title\" content=\"Ochrana osobn\u00edch \u00fadaj\u016f | RHS Bydlen\u00ed\" \/>\n<meta property=\"og:description\" content=\"Kdo jsme Tento web provozuje spole\u010dnost RHS bydlen\u00ed s.r.o. se s\u00eddlem: Krapkova 280\/7, 779 00 Olomouc, I\u010c: 10771999. Na\u0161e webov\u00e1 adresa je: https:\/\/rhsbydleni.cz. Cookies Pou\u017e\u00edv\u00e1me Google Analytics pro anonymn\u00ed statistiku n\u00e1v\u0161t\u011bvnosti. Tato cookies m\u016f\u017eete kdykoliv zak\u00e1zat nebo povolit. Kontaktn\u00ed formul\u00e1\u0159 [&hellip;]\" \/>\n<meta property=\"og:url\" content=\"https:\/\/novy.rhsbydleni.cz\/subdom\/novy\/ochrana-osobnich-udaju\/\" \/>\n<meta property=\"og:site_name\" content=\"RHS Bydlen\u00ed\" \/>\n<meta property=\"article:modified_time\" content=\"2022-06-14T13:23:10+00:00\" \/>\n<meta name=\"twitter:card\" content=\"summary_large_image\" \/>\n<meta name=\"twitter:label1\" content=\"Odhadovan\u00e1 doba \u010dten\u00ed\" \/>\n\t<meta name=\"twitter:data1\" content=\"1 minuta\" \/>\n<script type=\"application\/ld+json\" class=\"yoast-schema-graph\">{\"@context\":\"https:\/\/schema.org\",\"@graph\":[{\"@type\":\"WebPage\",\"@id\":\"https:\/\/novy.rhsbydleni.cz\/subdom\/novy\/ochrana-osobnich-udaju\/\",\"url\":\"https:\/\/novy.rhsbydleni.cz\/subdom\/novy\/ochrana-osobnich-udaju\/\",\"name\":\"Ochrana osobn\u00edch \u00fadaj\u016f | RHS Bydlen\u00ed\",\"isPartOf\":{\"@id\":\"https:\/\/novy.rhsbydleni.cz\/subdom\/novy\/#website\"},\"datePublished\":\"2022-05-26T13:44:21+00:00\",\"dateModified\":\"2022-06-14T13:23:10+00:00\",\"breadcrumb\":{\"@id\":\"https:\/\/novy.rhsbydleni.cz\/subdom\/novy\/ochrana-osobnich-udaju\/#breadcrumb\"},\"inLanguage\":\"cs\",\"potentialAction\":[{\"@type\":\"ReadAction\",\"target\":[\"https:\/\/novy.rhsbydleni.cz\/subdom\/novy\/ochrana-osobnich-udaju\/\"]}]},{\"@type\":\"BreadcrumbList\",\"@id\":\"https:\/\/novy.rhsbydleni.cz\/subdom\/novy\/ochrana-osobnich-udaju\/#breadcrumb\",\"itemListElement\":[{\"@type\":\"ListItem\",\"position\":1,\"name\":\"Dom\u016f\",\"item\":\"https:\/\/novy.rhsbydleni.cz\/subdom\/novy\/\"},{\"@type\":\"ListItem\",\"position\":2,\"name\":\"Ochrana osobn\u00edch \u00fadaj\u016f\"}]},{\"@type\":\"WebSite\",\"@id\":\"https:\/\/novy.rhsbydleni.cz\/subdom\/novy\/#website\",\"url\":\"https:\/\/novy.rhsbydleni.cz\/subdom\/novy\/\",\"name\":\"RHS Bydlen\u00ed\",\"description\":\"\",\"potentialAction\":[{\"@type\":\"SearchAction\",\"target\":{\"@type\":\"EntryPoint\",\"urlTemplate\":\"https:\/\/novy.rhsbydleni.cz\/subdom\/novy\/?s={search_term_string}\"},\"query-input\":\"required name=search_term_string\"}],\"inLanguage\":\"cs\"}]}<\/script>\n<!-- \/ Yoast SEO plugin. -->","yoast_head_json":{"title":"Ochrana osobn\u00edch \u00fadaj\u016f | RHS Bydlen\u00ed","robots":{"index":"index","follow":"follow","max-snippet":"max-snippet:-1","max-image-preview":"max-image-preview:large","max-video-preview":"max-video-preview:-1"},"canonical":"https:\/\/novy.rhsbydleni.cz\/subdom\/novy\/ochrana-osobnich-udaju\/","og_locale":"cs_CZ","og_type":"article","og_title":"Ochrana osobn\u00edch \u00fadaj\u016f | RHS Bydlen\u00ed","og_description":"Kdo jsme Tento web provozuje spole\u010dnost RHS bydlen\u00ed s.r.o. se s\u00eddlem: Krapkova 280\/7, 779 00 Olomouc, I\u010c: 10771999. Na\u0161e webov\u00e1 adresa je: https:\/\/rhsbydleni.cz. Cookies Pou\u017e\u00edv\u00e1me Google Analytics pro anonymn\u00ed statistiku n\u00e1v\u0161t\u011bvnosti. Tato cookies m\u016f\u017eete kdykoliv zak\u00e1zat nebo povolit. Kontaktn\u00ed formul\u00e1\u0159 [&hellip;]","og_url":"https:\/\/novy.rhsbydleni.cz\/subdom\/novy\/ochrana-osobnich-udaju\/","og_site_name":"RHS Bydlen\u00ed","article_modified_time":"2022-06-14T13:23:10+00:00","twitter_card":"summary_large_image","twitter_misc":{"Odhadovan\u00e1 doba \u010dten\u00ed":"1 minuta"},"schema":{"@context":"https:\/\/schema.org","@graph":[{"@type":"WebPage","@id":"https:\/\/novy.rhsbydleni.cz\/subdom\/novy\/ochrana-osobnich-udaju\/","url":"https:\/\/novy.rhsbydleni.cz\/subdom\/novy\/ochrana-osobnich-udaju\/","name":"Ochrana osobn\u00edch \u00fadaj\u016f | RHS Bydlen\u00ed","isPartOf":{"@id":"https:\/\/novy.rhsbydleni.cz\/subdom\/novy\/#website"},"datePublished":"2022-05-26T13:44:21+00:00","dateModified":"2022-06-14T13:23:10+00:00","breadcrumb":{"@id":"https:\/\/novy.rhsbydleni.cz\/subdom\/novy\/ochrana-osobnich-udaju\/#breadcrumb"},"inLanguage":"cs","potentialAction":[{"@type":"ReadAction","target":["https:\/\/novy.rhsbydleni.cz\/subdom\/novy\/ochrana-osobnich-udaju\/"]}]},{"@type":"BreadcrumbList","@id":"https:\/\/novy.rhsbydleni.cz\/subdom\/novy\/ochrana-osobnich-udaju\/#breadcrumb","itemListElement":[{"@type":"ListItem","position":1,"name":"Dom\u016f","item":"https:\/\/novy.rhsbydleni.cz\/subdom\/novy\/"},{"@type":"ListItem","position":2,"name":"Ochrana osobn\u00edch \u00fadaj\u016f"}]},{"@type":"WebSite","@id":"https:\/\/novy.rhsbydleni.cz\/subdom\/novy\/#website","url":"https:\/\/novy.rhsbydleni.cz\/subdom\/novy\/","name":"RHS Bydlen\u00ed","description":"","potentialAction":[{"@type":"SearchAction","target":{"@type":"EntryPoint","urlTemplate":"https:\/\/novy.rhsbydleni.cz\/subdom\/novy\/?s={search_term_string}"},"query-input":"required name=search_term_string"}],"inLanguage":"cs"}]}},"_links":{"self":[{"href":"https:\/\/novy.rhsbydleni.cz\/subdom\/novy\/wp-json\/wp\/v2\/pages\/3"}],"collection":[{"href":"https:\/\/novy.rhsbydleni.cz\/subdom\/novy\/wp-json\/wp\/v2\/pages"}],"about":[{"href":"https:\/\/novy.rhsbydleni.cz\/subdom\/novy\/wp-json\/wp\/v2\/types\/page"}],"author":[{"embeddable":true,"href":"https:\/\/novy.rhsbydleni.cz\/subdom\/novy\/wp-json\/wp\/v2\/users\/1"}],"replies":[{"embeddable":true,"href":"https:\/\/novy.rhsbydleni.cz\/subdom\/novy\/wp-json\/wp\/v2\/comments?post=3"}],"version-history":[{"count":3,"href":"https:\/\/novy.rhsbydleni.cz\/subdom\/novy\/wp-json\/wp\/v2\/pages\/3\/revisions"}],"predecessor-version":[{"id":3868,"href":"https:\/\/novy.rhsbydleni.cz\/subdom\/novy\/wp-json\/wp\/v2\/pages\/3\/revisions\/3868"}],"wp:attachment":[{"href":"https:\/\/novy.rhsbydleni.cz\/subdom\/novy\/wp-json\/wp\/v2\/media?parent=3"}],"curies":[{"name":"wp","href":"https:\/\/api.w.org\/{rel}","templated":true}]}}